{"id":5831,"date":"2019-07-04T14:08:56","date_gmt":"2019-07-04T12:08:56","guid":{"rendered":"https:\/\/modelkars.com\/?post_type=product&#038;p=5831"},"modified":"2025-12-01T01:55:31","modified_gmt":"2025-12-01T00:55:31","slug":"gt250-koenig-specials-ks8-bmw-850-rouge","status":"publish","type":"product","link":"https:\/\/modelkars.com\/fr\/shop\/gt-spirit\/gt250-koenig-specials-ks8-bmw-850-rouge\/","title":{"rendered":"Koenig-Specials KS8 (BMW 850)"},"content":{"rendered":"\n  <div class=\"banner has-hover\" id=\"banner-1308735670\">\n          <div class=\"banner-inner fill\">\n        <div class=\"banner-bg fill\" >\n            <img decoding=\"async\" width=\"1920\" height=\"1085\" src=\"https:\/\/modelkars.com\/wp-content\/uploads\/1920-gt250-rear.jpg\" class=\"bg attachment-original size-original\" alt=\"\" \/>                                    \n                    <\/div>\n\t\t\n        <div class=\"banner-layers container\">\n            <div class=\"fill banner-link\"><\/div>            \n   <div id=\"text-box-307099959\" class=\"text-box banner-layer x50 md-x50 lg-x50 y10 md-y10 lg-y10 res-text\">\n                                <div class=\"text-box-content text dark\">\n              \n              <div class=\"text-inner text-center\">\n                  \n<h3 class=\"uppercase\"><b>Limit\u00e9e \u00e0 <span style=\"color: #ff0000;\" class=\"count-up\">999<\/span> exemplaires.<\/b><\/h3>\n<p>Plaque num\u00e9rot\u00e9e sous le ch\u00e2ssis.<\/p>\n              <\/div>\n           <\/div>\n                            \n<style>\n#text-box-307099959 {\n  width: 100%;\n}\n#text-box-307099959 .text-box-content {\n  font-size: 100%;\n}\n<\/style>\n    <\/div>\n \n        <\/div>\n      <\/div>\n\n            \n<style>\n#banner-1308735670 {\n  padding-top: 90%;\n}\n#banner-1308735670 .banner-bg img {\n  object-position: 55% 50%;\n}\n@media (min-width:550px) {\n  #banner-1308735670 {\n    padding-top: 70%;\n  }\n}\n@media (min-width:850px) {\n  #banner-1308735670 {\n    padding-top: 50%;\n  }\n}\n<\/style>\n  <\/div>\n\n\n","protected":false},"excerpt":{"rendered":"<p>Prenez une base de BMW Serie 8 et donnez-lui plus de puissance, et un kit carrosserie tr\u00e8s large\u00a0: vous obtenez la Koenig-Specials KS8. Cette voiture atypique est reproduite ici \u00e0 l\u2019\u00e9chelle 1:18 par GT Spirit dans une livr\u00e9e rouge. Mod\u00e8le produit en quantit\u00e9 limit\u00e9e et exemplaires num\u00e9rot\u00e9s.<\/p>\n","protected":false},"featured_media":5847,"template":"","meta":{"_seopress_robots_primary_cat":"none","_seopress_titles_title":"","_seopress_titles_desc":"","_seopress_robots_index":""},"product_brand":[],"product_cat":[71],"product_tag":[84,93,220,92,85],"class_list":{"0":"post-5831","1":"product","2":"type-product","3":"status-publish","4":"has-post-thumbnail","6":"product_cat-gt-spirit","7":"product_tag-echelle-118","8":"product_tag-edition-limitee","9":"product_tag-novembre-2019","10":"product_tag-resine","11":"product_tag-sans-ouvrants","12":"product_shipping_class-delivengo","14":"first","15":"outofstock","16":"featured","17":"taxable","18":"shipping-taxable","19":"purchasable","20":"product-type-simple"},"_links":{"self":[{"href":"https:\/\/modelkars.com\/fr\/wp-json\/wp\/v2\/product\/5831","targetHints":{"allow":["GET"]}}],"collection":[{"href":"https:\/\/modelkars.com\/fr\/wp-json\/wp\/v2\/product"}],"about":[{"href":"https:\/\/modelkars.com\/fr\/wp-json\/wp\/v2\/types\/product"}],"wp:featuredmedia":[{"embeddable":true,"href":"https:\/\/modelkars.com\/fr\/wp-json\/wp\/v2\/media\/5847"}],"wp:attachment":[{"href":"https:\/\/modelkars.com\/fr\/wp-json\/wp\/v2\/media?parent=5831"}],"wp:term":[{"taxonomy":"product_brand","embeddable":true,"href":"https:\/\/modelkars.com\/fr\/wp-json\/wp\/v2\/product_brand?post=5831"},{"taxonomy":"product_cat","embeddable":true,"href":"https:\/\/modelkars.com\/fr\/wp-json\/wp\/v2\/product_cat?post=5831"},{"taxonomy":"product_tag","embeddable":true,"href":"https:\/\/modelkars.com\/fr\/wp-json\/wp\/v2\/product_tag?post=5831"}],"curies":[{"name":"wp","href":"https:\/\/api.w.org\/{rel}","templated":true}]}}