{"id":57706,"date":"2024-09-04T00:19:33","date_gmt":"2024-09-03T22:19:33","guid":{"rendered":"https:\/\/modelkars.com\/?post_type=product&#038;p=57706"},"modified":"2025-12-01T01:52:58","modified_gmt":"2025-12-01T00:52:58","slug":"ot1056-honda-civic-type-r-fl5-blanc-championship","status":"publish","type":"product","link":"https:\/\/modelkars.com\/fr\/shop\/ottomobile\/ot1056-honda-civic-type-r-fl5-blanc-championship\/","title":{"rendered":"Honda Civic Type R (FL5)"},"content":{"rendered":"","protected":false},"excerpt":{"rendered":"<p>Cette r\u00e9plique \u00e0 l&rsquo;\u00e9chelle 1:18 de la Honda Civic Type R (FL5) par OttOmobile, en blanc Championship, est un v\u00e9ritable bijou de collection. Fabriqu\u00e9e en r\u00e9sine et produite en s\u00e9rie limit\u00e9e \u00e0 2500 exemplaires, elle capture l&rsquo;essence de la sportivit\u00e9 moderne avec un niveau de d\u00e9tail impressionnant. La Civic Type R est r\u00e9put\u00e9e pour \u00eatre l&rsquo;une des compactes les plus performantes sur le march\u00e9, affichant un \u00e9quilibre parfait entre puissance et maniabilit\u00e9.<\/p>\n","protected":false},"featured_media":57734,"template":"","meta":{"_seopress_robots_primary_cat":"","_seopress_titles_title":"","_seopress_titles_desc":"","_seopress_robots_index":""},"product_brand":[],"product_cat":[225],"product_tag":[84,93,92,85],"class_list":{"0":"post-57706","1":"product","2":"type-product","3":"status-publish","4":"has-post-thumbnail","6":"product_cat-ottomobile","7":"product_tag-echelle-118","8":"product_tag-edition-limitee","9":"product_tag-resine","10":"product_tag-sans-ouvrants","12":"first","13":"outofstock","14":"taxable","15":"shipping-taxable","16":"purchasable","17":"product-type-simple"},"_links":{"self":[{"href":"https:\/\/modelkars.com\/fr\/wp-json\/wp\/v2\/product\/57706","targetHints":{"allow":["GET"]}}],"collection":[{"href":"https:\/\/modelkars.com\/fr\/wp-json\/wp\/v2\/product"}],"about":[{"href":"https:\/\/modelkars.com\/fr\/wp-json\/wp\/v2\/types\/product"}],"wp:featuredmedia":[{"embeddable":true,"href":"https:\/\/modelkars.com\/fr\/wp-json\/wp\/v2\/media\/57734"}],"wp:attachment":[{"href":"https:\/\/modelkars.com\/fr\/wp-json\/wp\/v2\/media?parent=57706"}],"wp:term":[{"taxonomy":"product_brand","embeddable":true,"href":"https:\/\/modelkars.com\/fr\/wp-json\/wp\/v2\/product_brand?post=57706"},{"taxonomy":"product_cat","embeddable":true,"href":"https:\/\/modelkars.com\/fr\/wp-json\/wp\/v2\/product_cat?post=57706"},{"taxonomy":"product_tag","embeddable":true,"href":"https:\/\/modelkars.com\/fr\/wp-json\/wp\/v2\/product_tag?post=57706"}],"curies":[{"name":"wp","href":"https:\/\/api.w.org\/{rel}","templated":true}]}}