{"id":57705,"date":"2024-09-13T00:19:33","date_gmt":"2024-09-12T22:19:33","guid":{"rendered":"https:\/\/modelkars.com\/?post_type=product&#038;p=57705"},"modified":"2025-12-02T00:00:29","modified_gmt":"2025-12-01T23:00:29","slug":"880202-ruf-scr-bleu","status":"publish","type":"product","link":"https:\/\/modelkars.com\/fr\/shop\/almost-real\/880202-ruf-scr-bleu\/","title":{"rendered":"Ruf SCR"},"content":{"rendered":"","protected":false},"excerpt":{"rendered":"<p>Cette miniature \u00e0 l&rsquo;\u00e9chelle 1:18 de la Ruf SCR par Almost Real se distingue par son bleu \u00e9clatant. Con\u00e7ue en m\u00e9tal, elle poss\u00e8de des ouvrants fonctionnels qui d\u00e9voilent un int\u00e9rieur soigneusement reproduit. La Ruf SCR incarne la fusion parfaite entre l&rsquo;h\u00e9ritage de la 911 et l&rsquo;innovation, offrant une exp\u00e9rience de conduite unique.<\/p>\n","protected":false},"featured_media":71268,"template":"","meta":{"_seopress_robots_primary_cat":"","_seopress_titles_title":"","_seopress_titles_desc":"","_seopress_robots_index":""},"product_brand":[],"product_cat":[349],"product_tag":[117,84,89],"class_list":{"0":"post-57705","1":"product","2":"type-product","3":"status-publish","4":"has-post-thumbnail","6":"product_cat-almost-real","7":"product_tag-avec-ouvrants","8":"product_tag-echelle-118","9":"product_tag-metal","11":"first","12":"instock","13":"taxable","14":"shipping-taxable","15":"purchasable","16":"product-type-simple"},"_links":{"self":[{"href":"https:\/\/modelkars.com\/fr\/wp-json\/wp\/v2\/product\/57705","targetHints":{"allow":["GET"]}}],"collection":[{"href":"https:\/\/modelkars.com\/fr\/wp-json\/wp\/v2\/product"}],"about":[{"href":"https:\/\/modelkars.com\/fr\/wp-json\/wp\/v2\/types\/product"}],"wp:featuredmedia":[{"embeddable":true,"href":"https:\/\/modelkars.com\/fr\/wp-json\/wp\/v2\/media\/71268"}],"wp:attachment":[{"href":"https:\/\/modelkars.com\/fr\/wp-json\/wp\/v2\/media?parent=57705"}],"wp:term":[{"taxonomy":"product_brand","embeddable":true,"href":"https:\/\/modelkars.com\/fr\/wp-json\/wp\/v2\/product_brand?post=57705"},{"taxonomy":"product_cat","embeddable":true,"href":"https:\/\/modelkars.com\/fr\/wp-json\/wp\/v2\/product_cat?post=57705"},{"taxonomy":"product_tag","embeddable":true,"href":"https:\/\/modelkars.com\/fr\/wp-json\/wp\/v2\/product_tag?post=57705"}],"curies":[{"name":"wp","href":"https:\/\/api.w.org\/{rel}","templated":true}]}}