{"id":57704,"date":"2024-09-13T00:19:32","date_gmt":"2024-09-12T22:19:32","guid":{"rendered":"https:\/\/modelkars.com\/?post_type=product&#038;p=57704"},"modified":"2025-12-02T00:00:29","modified_gmt":"2025-12-01T23:00:29","slug":"880204-ruf-scr-gris-chalk","status":"publish","type":"product","link":"https:\/\/modelkars.com\/fr\/shop\/almost-real\/880204-ruf-scr-gris-chalk\/","title":{"rendered":"Ruf SCR"},"content":{"rendered":"","protected":false},"excerpt":{"rendered":"<p>Cette r\u00e9plique \u00e0 l&rsquo;\u00e9chelle 1:18 de la Ruf SCR par Almost Real arbore une \u00e9l\u00e9gante teinte gris Chalk. Ce mod\u00e8le en m\u00e9tal est \u00e9quip\u00e9 d&rsquo;ouvrants, r\u00e9v\u00e9lant des d\u00e9tails minutieux et un int\u00e9rieur fid\u00e8le \u00e0 l&rsquo;original. La Ruf SCR, un hommage moderne \u00e0 la l\u00e9gendaire Porsche 911, combine un look classique avec une ing\u00e9nierie de pointe, offrant des performances \u00e9poustouflantes.<\/p>\n","protected":false},"featured_media":71270,"template":"","meta":{"_seopress_robots_primary_cat":"","_seopress_titles_title":"","_seopress_titles_desc":"","_seopress_robots_index":""},"product_brand":[],"product_cat":[349],"product_tag":[117,84,89],"class_list":{"0":"post-57704","1":"product","2":"type-product","3":"status-publish","4":"has-post-thumbnail","6":"product_cat-almost-real","7":"product_tag-avec-ouvrants","8":"product_tag-echelle-118","9":"product_tag-metal","11":"first","12":"instock","13":"taxable","14":"shipping-taxable","15":"purchasable","16":"product-type-simple"},"_links":{"self":[{"href":"https:\/\/modelkars.com\/fr\/wp-json\/wp\/v2\/product\/57704","targetHints":{"allow":["GET"]}}],"collection":[{"href":"https:\/\/modelkars.com\/fr\/wp-json\/wp\/v2\/product"}],"about":[{"href":"https:\/\/modelkars.com\/fr\/wp-json\/wp\/v2\/types\/product"}],"wp:featuredmedia":[{"embeddable":true,"href":"https:\/\/modelkars.com\/fr\/wp-json\/wp\/v2\/media\/71270"}],"wp:attachment":[{"href":"https:\/\/modelkars.com\/fr\/wp-json\/wp\/v2\/media?parent=57704"}],"wp:term":[{"taxonomy":"product_brand","embeddable":true,"href":"https:\/\/modelkars.com\/fr\/wp-json\/wp\/v2\/product_brand?post=57704"},{"taxonomy":"product_cat","embeddable":true,"href":"https:\/\/modelkars.com\/fr\/wp-json\/wp\/v2\/product_cat?post=57704"},{"taxonomy":"product_tag","embeddable":true,"href":"https:\/\/modelkars.com\/fr\/wp-json\/wp\/v2\/product_tag?post=57704"}],"curies":[{"name":"wp","href":"https:\/\/api.w.org\/{rel}","templated":true}]}}