{"id":57438,"date":"2024-12-10T00:00:01","date_gmt":"2024-12-09T23:00:01","guid":{"rendered":"https:\/\/modelkars.com\/?post_type=product&#038;p=57438"},"modified":"2025-12-01T01:52:45","modified_gmt":"2025-12-01T00:52:45","slug":"ot455-peugeot-208-wrx-rallycross-s-loeb-livree-redbull-wrx-belgique-2018","status":"publish","type":"product","link":"https:\/\/modelkars.com\/fr\/shop\/ottomobile\/ot455-peugeot-208-wrx-rallycross-s-loeb-livree-redbull-wrx-belgique-2018\/","title":{"rendered":"Peugeot 208 WRX Rallycross S. Loeb"},"content":{"rendered":"","protected":false},"excerpt":{"rendered":"<p>Cette r\u00e9plique \u00e0 l&rsquo;\u00e9chelle 1:18 de la Peugeot 208 WRX Rallycross, pilot\u00e9e par S\u00e9bastien Loeb lors du WRX Belgique 2018, est un incontournable pour les passionn\u00e9s de sport automobile. Fabriqu\u00e9e par OttOmobile en r\u00e9sine, cette miniature est produite en s\u00e9rie limit\u00e9e \u00e0 2500 exemplaires. La Peugeot 208 WRX, sous les mains expertes de Loeb, a montr\u00e9 une performance incroyable sur les pistes boueuses du championnat mondial, affirmant la r\u00e9putation du pilote comme l&rsquo;un des meilleurs de tous les temps.<\/p>\n","protected":false},"featured_media":57759,"template":"","meta":{"_seopress_robots_primary_cat":"","_seopress_titles_title":"","_seopress_titles_desc":"","_seopress_robots_index":""},"product_brand":[],"product_cat":[225],"product_tag":[84,93,92,85],"class_list":{"0":"post-57438","1":"product","2":"type-product","3":"status-publish","4":"has-post-thumbnail","6":"product_cat-ottomobile","7":"product_tag-echelle-118","8":"product_tag-edition-limitee","9":"product_tag-resine","10":"product_tag-sans-ouvrants","12":"first","13":"outofstock","14":"taxable","15":"shipping-taxable","16":"purchasable","17":"product-type-simple"},"_links":{"self":[{"href":"https:\/\/modelkars.com\/fr\/wp-json\/wp\/v2\/product\/57438","targetHints":{"allow":["GET"]}}],"collection":[{"href":"https:\/\/modelkars.com\/fr\/wp-json\/wp\/v2\/product"}],"about":[{"href":"https:\/\/modelkars.com\/fr\/wp-json\/wp\/v2\/types\/product"}],"wp:featuredmedia":[{"embeddable":true,"href":"https:\/\/modelkars.com\/fr\/wp-json\/wp\/v2\/media\/57759"}],"wp:attachment":[{"href":"https:\/\/modelkars.com\/fr\/wp-json\/wp\/v2\/media?parent=57438"}],"wp:term":[{"taxonomy":"product_brand","embeddable":true,"href":"https:\/\/modelkars.com\/fr\/wp-json\/wp\/v2\/product_brand?post=57438"},{"taxonomy":"product_cat","embeddable":true,"href":"https:\/\/modelkars.com\/fr\/wp-json\/wp\/v2\/product_cat?post=57438"},{"taxonomy":"product_tag","embeddable":true,"href":"https:\/\/modelkars.com\/fr\/wp-json\/wp\/v2\/product_tag?post=57438"}],"curies":[{"name":"wp","href":"https:\/\/api.w.org\/{rel}","templated":true}]}}