{"id":57437,"date":"2024-12-10T00:00:01","date_gmt":"2024-12-09T23:00:01","guid":{"rendered":"https:\/\/modelkars.com\/?post_type=product&#038;p=57437"},"modified":"2025-12-01T01:52:45","modified_gmt":"2025-12-01T00:52:45","slug":"ot1084-mitsubishi-lancer-evo-x-fq-400-rouge","status":"publish","type":"product","link":"https:\/\/modelkars.com\/fr\/shop\/ottomobile\/ot1084-mitsubishi-lancer-evo-x-fq-400-rouge\/","title":{"rendered":"Mitsubishi Lancer Evo X FQ 400"},"content":{"rendered":"","protected":false},"excerpt":{"rendered":"<p>Cette voiture miniature \u00e0 l&rsquo;\u00e9chelle 1:18 reproduit la Mitsubishi Lancer Evo X FQ 400 dans un coloris rouge \u00e9clatant. Fabriqu\u00e9 par OttOmobile, ce mod\u00e8le r\u00e9duit en r\u00e9sine est une pi\u00e8ce de collection rare, produite en s\u00e9rie limit\u00e9e \u00e0 seulement 2000 exemplaires. La Lancer Evo X FQ 400 est c\u00e9l\u00e8bre pour \u00eatre l&rsquo;une des versions les plus puissantes et extr\u00eames de la l\u00e9gendaire Evo, offrant une performance hors du commun sur route et circuit.<\/p>\n","protected":false},"featured_media":57781,"template":"","meta":{"_seopress_robots_primary_cat":"","_seopress_titles_title":"","_seopress_titles_desc":"","_seopress_robots_index":""},"product_brand":[],"product_cat":[225],"product_tag":[84,93,92,85],"class_list":{"0":"post-57437","1":"product","2":"type-product","3":"status-publish","4":"has-post-thumbnail","6":"product_cat-ottomobile","7":"product_tag-echelle-118","8":"product_tag-edition-limitee","9":"product_tag-resine","10":"product_tag-sans-ouvrants","12":"first","13":"outofstock","14":"taxable","15":"shipping-taxable","16":"purchasable","17":"product-type-simple"},"_links":{"self":[{"href":"https:\/\/modelkars.com\/fr\/wp-json\/wp\/v2\/product\/57437","targetHints":{"allow":["GET"]}}],"collection":[{"href":"https:\/\/modelkars.com\/fr\/wp-json\/wp\/v2\/product"}],"about":[{"href":"https:\/\/modelkars.com\/fr\/wp-json\/wp\/v2\/types\/product"}],"wp:featuredmedia":[{"embeddable":true,"href":"https:\/\/modelkars.com\/fr\/wp-json\/wp\/v2\/media\/57781"}],"wp:attachment":[{"href":"https:\/\/modelkars.com\/fr\/wp-json\/wp\/v2\/media?parent=57437"}],"wp:term":[{"taxonomy":"product_brand","embeddable":true,"href":"https:\/\/modelkars.com\/fr\/wp-json\/wp\/v2\/product_brand?post=57437"},{"taxonomy":"product_cat","embeddable":true,"href":"https:\/\/modelkars.com\/fr\/wp-json\/wp\/v2\/product_cat?post=57437"},{"taxonomy":"product_tag","embeddable":true,"href":"https:\/\/modelkars.com\/fr\/wp-json\/wp\/v2\/product_tag?post=57437"}],"curies":[{"name":"wp","href":"https:\/\/api.w.org\/{rel}","templated":true}]}}