{"id":57436,"date":"2024-11-22T00:00:01","date_gmt":"2024-11-21T23:00:01","guid":{"rendered":"https:\/\/modelkars.com\/?post_type=product&#038;p=57436"},"modified":"2025-12-18T22:18:15","modified_gmt":"2025-12-18T21:18:15","slug":"ot1104-mercedes-benz-300-e-6-0-amg-rouge","status":"publish","type":"product","link":"https:\/\/modelkars.com\/fr\/shop\/ottomobile\/ot1104-mercedes-benz-300-e-6-0-amg-rouge\/","title":{"rendered":"Mercedes-Benz 300 E 6.0 AMG"},"content":{"rendered":"","protected":false},"excerpt":{"rendered":"<p>Cette voiture miniature \u00e0 l&rsquo;\u00e9chelle 1:18 reproduit la Mercedes-Benz 300 E 6.0 AMG dans une \u00e9l\u00e9gante teinte rouge. Fabriqu\u00e9 par OttOmobile en r\u00e9sine, ce mod\u00e8le r\u00e9duit est une pi\u00e8ce de collection exclusive, produite en s\u00e9rie limit\u00e9e \u00e0 seulement 999 exemplaires. Surnomm\u00e9e \u00ab\u00a0The Hammer\u00a0\u00bb dans les ann\u00e9es 80, la 300 E 6.0 AMG \u00e9tait l&rsquo;une des berlines les plus puissantes de son \u00e9poque, incarnant parfaitement la fusion entre luxe et performance brute.<\/p>\n","protected":false},"featured_media":57804,"template":"","meta":{"_seopress_robots_primary_cat":"","_seopress_titles_title":"","_seopress_titles_desc":"","_seopress_robots_index":""},"product_brand":[],"product_cat":[225],"product_tag":[84,93,92,85],"class_list":{"0":"post-57436","1":"product","2":"type-product","3":"status-publish","4":"has-post-thumbnail","6":"product_cat-ottomobile","7":"product_tag-echelle-118","8":"product_tag-edition-limitee","9":"product_tag-resine","10":"product_tag-sans-ouvrants","12":"first","13":"outofstock","14":"taxable","15":"shipping-taxable","16":"purchasable","17":"product-type-simple"},"_links":{"self":[{"href":"https:\/\/modelkars.com\/fr\/wp-json\/wp\/v2\/product\/57436","targetHints":{"allow":["GET"]}}],"collection":[{"href":"https:\/\/modelkars.com\/fr\/wp-json\/wp\/v2\/product"}],"about":[{"href":"https:\/\/modelkars.com\/fr\/wp-json\/wp\/v2\/types\/product"}],"wp:featuredmedia":[{"embeddable":true,"href":"https:\/\/modelkars.com\/fr\/wp-json\/wp\/v2\/media\/57804"}],"wp:attachment":[{"href":"https:\/\/modelkars.com\/fr\/wp-json\/wp\/v2\/media?parent=57436"}],"wp:term":[{"taxonomy":"product_brand","embeddable":true,"href":"https:\/\/modelkars.com\/fr\/wp-json\/wp\/v2\/product_brand?post=57436"},{"taxonomy":"product_cat","embeddable":true,"href":"https:\/\/modelkars.com\/fr\/wp-json\/wp\/v2\/product_cat?post=57436"},{"taxonomy":"product_tag","embeddable":true,"href":"https:\/\/modelkars.com\/fr\/wp-json\/wp\/v2\/product_tag?post=57436"}],"curies":[{"name":"wp","href":"https:\/\/api.w.org\/{rel}","templated":true}]}}