{"id":57435,"date":"2025-11-17T00:00:01","date_gmt":"2025-11-16T23:00:01","guid":{"rendered":"https:\/\/modelkars.com\/?post_type=product&#038;p=57435"},"modified":"2025-12-29T13:26:32","modified_gmt":"2025-12-29T12:26:32","slug":"ts0587-mclaren-720s-lb-works-tas-2024-noir","status":"publish","type":"product","link":"https:\/\/modelkars.com\/fr\/shop\/topspeed\/ts0587-mclaren-720s-lb-works-tas-2024-noir\/","title":{"rendered":"McLaren 720S LB-Works TAS 2024"},"content":{"rendered":"","protected":false},"excerpt":{"rendered":"<p>La McLaren 720S LB-Works TAS 2024 est une reproduction en r\u00e9sine \u00e0 l&rsquo;\u00e9chelle 1:18 par TopSpeed. Cette \u00e9dition limit\u00e9e est peinte en noir, rappelant la version pr\u00e9par\u00e9e par Liberty Walk et pr\u00e9sent\u00e9e au Tokyo Auto Salon 2024. Un mod\u00e8le qui capture l&rsquo;essence du tuning japonais et de la performance extr\u00eame.<\/p>\n","protected":false},"featured_media":57558,"template":"","meta":{"_seopress_robots_primary_cat":"","_seopress_titles_title":"","_seopress_titles_desc":"","_seopress_robots_index":""},"product_brand":[],"product_cat":[74],"product_tag":[84,93,92,85],"class_list":{"0":"post-57435","1":"product","2":"type-product","3":"status-publish","4":"has-post-thumbnail","6":"product_cat-topspeed","7":"product_tag-echelle-118","8":"product_tag-edition-limitee","9":"product_tag-resine","10":"product_tag-sans-ouvrants","12":"first","13":"outofstock","14":"taxable","15":"shipping-taxable","16":"purchasable","17":"product-type-simple"},"_links":{"self":[{"href":"https:\/\/modelkars.com\/fr\/wp-json\/wp\/v2\/product\/57435","targetHints":{"allow":["GET"]}}],"collection":[{"href":"https:\/\/modelkars.com\/fr\/wp-json\/wp\/v2\/product"}],"about":[{"href":"https:\/\/modelkars.com\/fr\/wp-json\/wp\/v2\/types\/product"}],"wp:featuredmedia":[{"embeddable":true,"href":"https:\/\/modelkars.com\/fr\/wp-json\/wp\/v2\/media\/57558"}],"wp:attachment":[{"href":"https:\/\/modelkars.com\/fr\/wp-json\/wp\/v2\/media?parent=57435"}],"wp:term":[{"taxonomy":"product_brand","embeddable":true,"href":"https:\/\/modelkars.com\/fr\/wp-json\/wp\/v2\/product_brand?post=57435"},{"taxonomy":"product_cat","embeddable":true,"href":"https:\/\/modelkars.com\/fr\/wp-json\/wp\/v2\/product_cat?post=57435"},{"taxonomy":"product_tag","embeddable":true,"href":"https:\/\/modelkars.com\/fr\/wp-json\/wp\/v2\/product_tag?post=57435"}],"curies":[{"name":"wp","href":"https:\/\/api.w.org\/{rel}","templated":true}]}}