{"id":57434,"date":"2026-01-12T17:48:43","date_gmt":"2026-01-12T16:48:43","guid":{"rendered":"https:\/\/modelkars.com\/?post_type=product&#038;p=57434"},"modified":"2026-03-06T22:30:15","modified_gmt":"2026-03-06T21:30:15","slug":"fe036se5-ferrari-daytona-sp3-full-carbon-carbone-jantes-or","status":"publish","type":"product","link":"https:\/\/modelkars.com\/fr\/shop\/mr-collection\/fe036se5-ferrari-daytona-sp3-full-carbon-carbone-jantes-or\/","title":{"rendered":"Ferrari Daytona SP3 (carbone)"},"content":{"rendered":"","protected":false},"excerpt":{"rendered":"<p>La Ferrari Daytona SP3 en version full carbone \u00e0 l&rsquo;\u00e9chelle 1:18 est un mod\u00e8le r\u00e9duit exceptionnel fabriqu\u00e9 par MR Collection. Limit\u00e9e \u00e0 99 exemplaires, cette r\u00e9plique en r\u00e9sine pr\u00e9sente une finition carbone avec des jantes or, mettant en avant l&rsquo;\u00e9l\u00e9gance et la technologie de cette s\u00e9rie limit\u00e9e. Livr\u00e9 avec socle et vitrine.<\/p>\n","protected":false},"featured_media":57481,"template":"","meta":{"_seopress_robots_primary_cat":"","_seopress_titles_title":"","_seopress_titles_desc":"","_seopress_robots_index":""},"product_brand":[],"product_cat":[95],"product_tag":[84,93,92,85,86,323],"class_list":{"0":"post-57434","1":"product","2":"type-product","3":"status-publish","4":"has-post-thumbnail","6":"product_cat-mr-collection","7":"product_tag-echelle-118","8":"product_tag-edition-limitee","9":"product_tag-resine","10":"product_tag-sans-ouvrants","11":"product_tag-socle-inclus","12":"product_tag-vitrine-incluse","14":"first","15":"instock","16":"taxable","17":"shipping-taxable","18":"purchasable","19":"product-type-simple"},"_links":{"self":[{"href":"https:\/\/modelkars.com\/fr\/wp-json\/wp\/v2\/product\/57434","targetHints":{"allow":["GET"]}}],"collection":[{"href":"https:\/\/modelkars.com\/fr\/wp-json\/wp\/v2\/product"}],"about":[{"href":"https:\/\/modelkars.com\/fr\/wp-json\/wp\/v2\/types\/product"}],"wp:featuredmedia":[{"embeddable":true,"href":"https:\/\/modelkars.com\/fr\/wp-json\/wp\/v2\/media\/57481"}],"wp:attachment":[{"href":"https:\/\/modelkars.com\/fr\/wp-json\/wp\/v2\/media?parent=57434"}],"wp:term":[{"taxonomy":"product_brand","embeddable":true,"href":"https:\/\/modelkars.com\/fr\/wp-json\/wp\/v2\/product_brand?post=57434"},{"taxonomy":"product_cat","embeddable":true,"href":"https:\/\/modelkars.com\/fr\/wp-json\/wp\/v2\/product_cat?post=57434"},{"taxonomy":"product_tag","embeddable":true,"href":"https:\/\/modelkars.com\/fr\/wp-json\/wp\/v2\/product_tag?post=57434"}],"curies":[{"name":"wp","href":"https:\/\/api.w.org\/{rel}","templated":true}]}}