{"id":57432,"date":"2024-08-22T17:48:43","date_gmt":"2024-08-22T15:48:43","guid":{"rendered":"https:\/\/modelkars.com\/?post_type=product&#038;p=57432"},"modified":"2025-12-02T00:00:29","modified_gmt":"2025-12-01T23:00:29","slug":"wap0218020p0mr-porsche-mission-r-blanc-rouge-presentation","status":"publish","type":"product","link":"https:\/\/modelkars.com\/fr\/shop\/spark\/wap0218020p0mr-porsche-mission-r-blanc-rouge-presentation\/","title":{"rendered":"Porsche Mission R"},"content":{"rendered":"","protected":false},"excerpt":{"rendered":"<p>La Porsche Mission R \u00e0 l&rsquo;\u00e9chelle 1:18 est une r\u00e9alisation en r\u00e9sine par Spark. Arborant une livr\u00e9e de pr\u00e9sentation blanc et rouge, ce mod\u00e8le est une \u00e9dition limit\u00e9e \u00e0 750 exemplaires. Livr\u00e9 sur un socle avec vitrine, il repr\u00e9sente la vision \u00e9lectrique de Porsche pour la comp\u00e9tition, un futur o\u00f9 performance et durabilit\u00e9 vont de pair.<\/p>\n","protected":false},"featured_media":57553,"template":"","meta":{"_seopress_robots_primary_cat":"","_seopress_titles_title":"","_seopress_titles_desc":"","_seopress_robots_index":""},"product_brand":[],"product_cat":[216],"product_tag":[84,93,92,85,86,323],"class_list":{"0":"post-57432","1":"product","2":"type-product","3":"status-publish","4":"has-post-thumbnail","6":"product_cat-spark","7":"product_tag-echelle-118","8":"product_tag-edition-limitee","9":"product_tag-resine","10":"product_tag-sans-ouvrants","11":"product_tag-socle-inclus","12":"product_tag-vitrine-incluse","14":"first","15":"instock","16":"taxable","17":"shipping-taxable","18":"purchasable","19":"product-type-simple"},"_links":{"self":[{"href":"https:\/\/modelkars.com\/fr\/wp-json\/wp\/v2\/product\/57432","targetHints":{"allow":["GET"]}}],"collection":[{"href":"https:\/\/modelkars.com\/fr\/wp-json\/wp\/v2\/product"}],"about":[{"href":"https:\/\/modelkars.com\/fr\/wp-json\/wp\/v2\/types\/product"}],"wp:featuredmedia":[{"embeddable":true,"href":"https:\/\/modelkars.com\/fr\/wp-json\/wp\/v2\/media\/57553"}],"wp:attachment":[{"href":"https:\/\/modelkars.com\/fr\/wp-json\/wp\/v2\/media?parent=57432"}],"wp:term":[{"taxonomy":"product_brand","embeddable":true,"href":"https:\/\/modelkars.com\/fr\/wp-json\/wp\/v2\/product_brand?post=57432"},{"taxonomy":"product_cat","embeddable":true,"href":"https:\/\/modelkars.com\/fr\/wp-json\/wp\/v2\/product_cat?post=57432"},{"taxonomy":"product_tag","embeddable":true,"href":"https:\/\/modelkars.com\/fr\/wp-json\/wp\/v2\/product_tag?post=57432"}],"curies":[{"name":"wp","href":"https:\/\/api.w.org\/{rel}","templated":true}]}}