{"id":57431,"date":"2024-12-08T23:00:01","date_gmt":"2024-12-08T22:00:01","guid":{"rendered":"https:\/\/modelkars.com\/?post_type=product&#038;p=57431"},"modified":"2025-12-01T01:52:46","modified_gmt":"2025-12-01T00:52:46","slug":"70296-aston-martin-db5-007-goldfinger-avec-gadgets-gris-argent","status":"publish","type":"product","link":"https:\/\/modelkars.com\/fr\/shop\/autoart\/70296-aston-martin-db5-007-goldfinger-avec-gadgets-gris-argent\/","title":{"rendered":"Aston Martin DB5 \u00ab\u00a0007 Goldfinger\u00a0\u00bb avec gadgets"},"content":{"rendered":"","protected":false},"excerpt":{"rendered":"<p>Cette Aston Martin DB5 \u00ab 007 Goldfinger \u00bb avec gadgets est une r\u00e9plique \u00e0 l&rsquo;\u00e9chelle 1:18, fabriqu\u00e9e par AUTOart en mat\u00e9riau composite. Peinte en gris argent, elle dispose de tous les gadgets embl\u00e9matiques du film, comme les mitraillettes dissimul\u00e9es, le si\u00e8ge \u00e9jectable, et les plaques d&rsquo;immatriculation r\u00e9versibles. Ce mod\u00e8le ouvrant est une pi\u00e8ce de collection incontournable pour tout fan de James Bond.<\/p>\n","protected":false},"featured_media":57499,"template":"","meta":{"_seopress_robots_primary_cat":"","_seopress_titles_title":"","_seopress_titles_desc":"","_seopress_robots_index":""},"product_brand":[],"product_cat":[118],"product_tag":[117,119,84],"class_list":{"0":"post-57431","1":"product","2":"type-product","3":"status-publish","4":"has-post-thumbnail","6":"product_cat-autoart","7":"product_tag-avec-ouvrants","8":"product_tag-composite","9":"product_tag-echelle-118","11":"first","12":"outofstock","13":"taxable","14":"shipping-taxable","15":"purchasable","16":"product-type-simple"},"_links":{"self":[{"href":"https:\/\/modelkars.com\/fr\/wp-json\/wp\/v2\/product\/57431","targetHints":{"allow":["GET"]}}],"collection":[{"href":"https:\/\/modelkars.com\/fr\/wp-json\/wp\/v2\/product"}],"about":[{"href":"https:\/\/modelkars.com\/fr\/wp-json\/wp\/v2\/types\/product"}],"wp:featuredmedia":[{"embeddable":true,"href":"https:\/\/modelkars.com\/fr\/wp-json\/wp\/v2\/media\/57499"}],"wp:attachment":[{"href":"https:\/\/modelkars.com\/fr\/wp-json\/wp\/v2\/media?parent=57431"}],"wp:term":[{"taxonomy":"product_brand","embeddable":true,"href":"https:\/\/modelkars.com\/fr\/wp-json\/wp\/v2\/product_brand?post=57431"},{"taxonomy":"product_cat","embeddable":true,"href":"https:\/\/modelkars.com\/fr\/wp-json\/wp\/v2\/product_cat?post=57431"},{"taxonomy":"product_tag","embeddable":true,"href":"https:\/\/modelkars.com\/fr\/wp-json\/wp\/v2\/product_tag?post=57431"}],"curies":[{"name":"wp","href":"https:\/\/api.w.org\/{rel}","templated":true}]}}