{"id":57428,"date":"2025-05-19T00:00:01","date_gmt":"2025-05-18T22:00:01","guid":{"rendered":"https:\/\/modelkars.com\/?post_type=product&#038;p=57428"},"modified":"2025-12-01T01:52:20","modified_gmt":"2025-12-01T00:52:20","slug":"lambo062f-lamborghini-temerario-alleggerita-violet-pasifae","status":"publish","type":"product","link":"https:\/\/modelkars.com\/fr\/shop\/mr-collection\/lambo062f-lamborghini-temerario-alleggerita-violet-pasifae\/","title":{"rendered":"Lamborghini Temerario Alleggerita"},"content":{"rendered":"","protected":false},"excerpt":{"rendered":"<p>La Lamborghini Temerario Alleggerita en violet Pasifae est une miniature \u00e0 l&rsquo;\u00e9chelle 1:18, r\u00e9alis\u00e9e en r\u00e9sine par MR Collection. Cette \u00e9dition limit\u00e9e, pr\u00e9sent\u00e9e sur un socle avec vitrine, est une \u00e9vocation de la version all\u00e9g\u00e9e, o\u00f9 chaque gramme est compt\u00e9 pour maximiser les performances.<\/p>\n","protected":false},"featured_media":65727,"template":"","meta":{"_seopress_robots_primary_cat":"","_seopress_titles_title":"","_seopress_titles_desc":"","_seopress_robots_index":""},"product_brand":[],"product_cat":[95],"product_tag":[84,93,92,85,86,323],"class_list":{"0":"post-57428","1":"product","2":"type-product","3":"status-publish","4":"has-post-thumbnail","6":"product_cat-mr-collection","7":"product_tag-echelle-118","8":"product_tag-edition-limitee","9":"product_tag-resine","10":"product_tag-sans-ouvrants","11":"product_tag-socle-inclus","12":"product_tag-vitrine-incluse","14":"first","15":"outofstock","16":"taxable","17":"shipping-taxable","18":"purchasable","19":"product-type-simple"},"_links":{"self":[{"href":"https:\/\/modelkars.com\/fr\/wp-json\/wp\/v2\/product\/57428","targetHints":{"allow":["GET"]}}],"collection":[{"href":"https:\/\/modelkars.com\/fr\/wp-json\/wp\/v2\/product"}],"about":[{"href":"https:\/\/modelkars.com\/fr\/wp-json\/wp\/v2\/types\/product"}],"wp:featuredmedia":[{"embeddable":true,"href":"https:\/\/modelkars.com\/fr\/wp-json\/wp\/v2\/media\/65727"}],"wp:attachment":[{"href":"https:\/\/modelkars.com\/fr\/wp-json\/wp\/v2\/media?parent=57428"}],"wp:term":[{"taxonomy":"product_brand","embeddable":true,"href":"https:\/\/modelkars.com\/fr\/wp-json\/wp\/v2\/product_brand?post=57428"},{"taxonomy":"product_cat","embeddable":true,"href":"https:\/\/modelkars.com\/fr\/wp-json\/wp\/v2\/product_cat?post=57428"},{"taxonomy":"product_tag","embeddable":true,"href":"https:\/\/modelkars.com\/fr\/wp-json\/wp\/v2\/product_tag?post=57428"}],"curies":[{"name":"wp","href":"https:\/\/api.w.org\/{rel}","templated":true}]}}