{"id":57423,"date":"2025-06-25T00:00:01","date_gmt":"2025-06-24T22:00:01","guid":{"rendered":"https:\/\/modelkars.com\/?post_type=product&#038;p=57423"},"modified":"2025-12-01T01:52:14","modified_gmt":"2025-12-01T00:52:14","slug":"lambo062a-lamborghini-temerario-alleggerita-vert-mercurio","status":"publish","type":"product","link":"https:\/\/modelkars.com\/fr\/shop\/mr-collection\/lambo062a-lamborghini-temerario-alleggerita-vert-mercurio\/","title":{"rendered":"Lamborghini Temerario Alleggerita"},"content":{"rendered":"","protected":false},"excerpt":{"rendered":"<p>Cette Lamborghini Temerario Alleggerita \u00e0 l&rsquo;\u00e9chelle 1:18 est r\u00e9alis\u00e9e en r\u00e9sine par MR Collection. Arborant un vert Mercurio \u00e9clatant, cette miniature est une \u00e9dition limit\u00e9e, pr\u00e9sent\u00e9e sur un socle avec vitrine. La version Alleggerita, signifiant \u00ab\u00a0all\u00e9g\u00e9e\u00a0\u00bb, est une variante encore plus radicale, con\u00e7ue pour les puristes du pilotage.<\/p>\n","protected":false},"featured_media":60795,"template":"","meta":{"_seopress_robots_primary_cat":"","_seopress_titles_title":"","_seopress_titles_desc":"","_seopress_robots_index":""},"product_brand":[],"product_cat":[95],"product_tag":[84,93,92,85,86,323],"class_list":{"0":"post-57423","1":"product","2":"type-product","3":"status-publish","4":"has-post-thumbnail","6":"product_cat-mr-collection","7":"product_tag-echelle-118","8":"product_tag-edition-limitee","9":"product_tag-resine","10":"product_tag-sans-ouvrants","11":"product_tag-socle-inclus","12":"product_tag-vitrine-incluse","14":"first","15":"outofstock","16":"taxable","17":"shipping-taxable","18":"purchasable","19":"product-type-simple"},"_links":{"self":[{"href":"https:\/\/modelkars.com\/fr\/wp-json\/wp\/v2\/product\/57423","targetHints":{"allow":["GET"]}}],"collection":[{"href":"https:\/\/modelkars.com\/fr\/wp-json\/wp\/v2\/product"}],"about":[{"href":"https:\/\/modelkars.com\/fr\/wp-json\/wp\/v2\/types\/product"}],"wp:featuredmedia":[{"embeddable":true,"href":"https:\/\/modelkars.com\/fr\/wp-json\/wp\/v2\/media\/60795"}],"wp:attachment":[{"href":"https:\/\/modelkars.com\/fr\/wp-json\/wp\/v2\/media?parent=57423"}],"wp:term":[{"taxonomy":"product_brand","embeddable":true,"href":"https:\/\/modelkars.com\/fr\/wp-json\/wp\/v2\/product_brand?post=57423"},{"taxonomy":"product_cat","embeddable":true,"href":"https:\/\/modelkars.com\/fr\/wp-json\/wp\/v2\/product_cat?post=57423"},{"taxonomy":"product_tag","embeddable":true,"href":"https:\/\/modelkars.com\/fr\/wp-json\/wp\/v2\/product_tag?post=57423"}],"curies":[{"name":"wp","href":"https:\/\/api.w.org\/{rel}","templated":true}]}}