{"id":56987,"date":"2025-03-25T00:00:01","date_gmt":"2025-03-24T23:00:01","guid":{"rendered":"https:\/\/modelkars.com\/?post_type=product&#038;p=56987"},"modified":"2025-12-01T01:52:32","modified_gmt":"2025-12-01T00:52:32","slug":"ts0543-mazda-rx-7-lb-super-silhouette-liberty-walk-europe-bleue-clair-decorations-lbwk","status":"publish","type":"product","link":"https:\/\/modelkars.com\/fr\/shop\/topspeed\/ts0543-mazda-rx-7-lb-super-silhouette-liberty-walk-europe-bleue-clair-decorations-lbwk\/","title":{"rendered":"Mazda RX-7 LB-Super Silhouette Liberty Walk Europe"},"content":{"rendered":"","protected":false},"excerpt":{"rendered":"<p>Ce mod\u00e8le r\u00e9duit \u00e0 l&rsquo;\u00e9chelle 1:18 de la Mazda RX-7 LB-Super Silhouette Liberty Walk Europe est magnifiquement d\u00e9taill\u00e9 en bleu clair avec des d\u00e9corations LBWK. Fabriqu\u00e9 en r\u00e9sine par TopSpeed, il refl\u00e8te parfaitement le style unique et agressif de Liberty Walk. La Mazda RX-7 est c\u00e9l\u00e8bre pour son moteur rotatif et son design distinctif, faisant d&rsquo;elle une ic\u00f4ne de l&rsquo;ing\u00e9nierie automobile japonaise.<\/p>\n","protected":false},"featured_media":57001,"template":"","meta":{"_seopress_robots_primary_cat":"","_seopress_titles_title":"","_seopress_titles_desc":"","_seopress_robots_index":""},"product_brand":[],"product_cat":[74],"product_tag":[84,92,85],"class_list":{"0":"post-56987","1":"product","2":"type-product","3":"status-publish","4":"has-post-thumbnail","6":"product_cat-topspeed","7":"product_tag-echelle-118","8":"product_tag-resine","9":"product_tag-sans-ouvrants","11":"first","12":"outofstock","13":"taxable","14":"shipping-taxable","15":"purchasable","16":"product-type-simple"},"_links":{"self":[{"href":"https:\/\/modelkars.com\/fr\/wp-json\/wp\/v2\/product\/56987","targetHints":{"allow":["GET"]}}],"collection":[{"href":"https:\/\/modelkars.com\/fr\/wp-json\/wp\/v2\/product"}],"about":[{"href":"https:\/\/modelkars.com\/fr\/wp-json\/wp\/v2\/types\/product"}],"wp:featuredmedia":[{"embeddable":true,"href":"https:\/\/modelkars.com\/fr\/wp-json\/wp\/v2\/media\/57001"}],"wp:attachment":[{"href":"https:\/\/modelkars.com\/fr\/wp-json\/wp\/v2\/media?parent=56987"}],"wp:term":[{"taxonomy":"product_brand","embeddable":true,"href":"https:\/\/modelkars.com\/fr\/wp-json\/wp\/v2\/product_brand?post=56987"},{"taxonomy":"product_cat","embeddable":true,"href":"https:\/\/modelkars.com\/fr\/wp-json\/wp\/v2\/product_cat?post=56987"},{"taxonomy":"product_tag","embeddable":true,"href":"https:\/\/modelkars.com\/fr\/wp-json\/wp\/v2\/product_tag?post=56987"}],"curies":[{"name":"wp","href":"https:\/\/api.w.org\/{rel}","templated":true}]}}