{"id":56986,"date":"2025-03-25T00:00:01","date_gmt":"2025-03-24T23:00:01","guid":{"rendered":"https:\/\/modelkars.com\/?post_type=product&#038;p=56986"},"modified":"2025-12-02T00:00:23","modified_gmt":"2025-12-01T23:00:23","slug":"ts0538-aston-martin-valkyrie-jaune-sunburst","status":"publish","type":"product","link":"https:\/\/modelkars.com\/fr\/shop\/topspeed\/ts0538-aston-martin-valkyrie-jaune-sunburst\/","title":{"rendered":"Aston Martin Valkyrie"},"content":{"rendered":"","protected":false},"excerpt":{"rendered":"<p>Cette voiture miniature \u00e0 l&rsquo;\u00e9chelle 1:18 repr\u00e9sente l&rsquo;Aston Martin Valkyrie dans une \u00e9clatante couleur jaune Sunburst. Fabriqu\u00e9e en r\u00e9sine par TopSpeed, ce mod\u00e8le capture les lignes audacieuses et l&rsquo;a\u00e9rodynamisme exceptionnel de la Valkyrie. Aston Martin a collabor\u00e9 avec Red Bull Racing pour cr\u00e9er ce v\u00e9hicule hybride de haute performance, visant \u00e0 \u00eatre l&rsquo;une des voitures de route les plus rapides jamais produites.<\/p>\n","protected":false},"featured_media":56988,"template":"","meta":{"_seopress_robots_primary_cat":"","_seopress_titles_title":"","_seopress_titles_desc":"","_seopress_robots_index":""},"product_brand":[],"product_cat":[74],"product_tag":[84,92,85],"class_list":{"0":"post-56986","1":"product","2":"type-product","3":"status-publish","4":"has-post-thumbnail","6":"product_cat-topspeed","7":"product_tag-echelle-118","8":"product_tag-resine","9":"product_tag-sans-ouvrants","11":"first","12":"instock","13":"taxable","14":"shipping-taxable","15":"purchasable","16":"product-type-simple"},"_links":{"self":[{"href":"https:\/\/modelkars.com\/fr\/wp-json\/wp\/v2\/product\/56986","targetHints":{"allow":["GET"]}}],"collection":[{"href":"https:\/\/modelkars.com\/fr\/wp-json\/wp\/v2\/product"}],"about":[{"href":"https:\/\/modelkars.com\/fr\/wp-json\/wp\/v2\/types\/product"}],"wp:featuredmedia":[{"embeddable":true,"href":"https:\/\/modelkars.com\/fr\/wp-json\/wp\/v2\/media\/56988"}],"wp:attachment":[{"href":"https:\/\/modelkars.com\/fr\/wp-json\/wp\/v2\/media?parent=56986"}],"wp:term":[{"taxonomy":"product_brand","embeddable":true,"href":"https:\/\/modelkars.com\/fr\/wp-json\/wp\/v2\/product_brand?post=56986"},{"taxonomy":"product_cat","embeddable":true,"href":"https:\/\/modelkars.com\/fr\/wp-json\/wp\/v2\/product_cat?post=56986"},{"taxonomy":"product_tag","embeddable":true,"href":"https:\/\/modelkars.com\/fr\/wp-json\/wp\/v2\/product_tag?post=56986"}],"curies":[{"name":"wp","href":"https:\/\/api.w.org\/{rel}","templated":true}]}}