{"id":56885,"date":"2025-08-26T00:00:01","date_gmt":"2025-08-25T22:00:01","guid":{"rendered":"https:\/\/modelkars.com\/?post_type=product&#038;p=56885"},"modified":"2026-04-29T21:04:53","modified_gmt":"2026-04-29T19:04:53","slug":"71763-dodge-challenger-srt-jailbreak-2022-bleu-indigo","status":"publish","type":"product","link":"https:\/\/modelkars.com\/fr\/shop\/autoart\/71763-dodge-challenger-srt-jailbreak-2022-bleu-indigo\/","title":{"rendered":"Dodge Challenger SRT Jailbreak 2022"},"content":{"rendered":"","protected":false},"excerpt":{"rendered":"<p>D\u00e9couvrez la Dodge Challenger SRT Jailbreak 2022 \u00e0 l&rsquo;\u00e9chelle 1:18 en bleu Indigo, un mod\u00e8le r\u00e9duit par AUTOart. Compos\u00e9e de mat\u00e9riaux composites et \u00e9quip\u00e9e de pi\u00e8ces ouvrantes, cette voiture miniature capte parfaitement l&rsquo;essence de cette muscle car l\u00e9gendaire. Le programme Jailbreak permet aux passionn\u00e9s de personnaliser leur v\u00e9hicule \u00e0 un niveau in\u00e9dit, refl\u00e9tant ainsi le vrai esprit de la muscle car am\u00e9ricaine.<\/p>\n","protected":false},"featured_media":98422,"template":"","meta":{"_seopress_robots_primary_cat":"","_seopress_titles_title":"","_seopress_titles_desc":"","_seopress_robots_index":""},"product_brand":[],"product_cat":[118,163],"product_tag":[117,119,84],"class_list":{"0":"post-56885","1":"product","2":"type-product","3":"status-publish","4":"has-post-thumbnail","6":"product_cat-autoart","7":"product_cat-precommandes","8":"product_tag-avec-ouvrants","9":"product_tag-composite","10":"product_tag-echelle-118","12":"first","13":"instock","14":"taxable","15":"shipping-taxable","16":"purchasable","17":"product-type-simple"},"_links":{"self":[{"href":"https:\/\/modelkars.com\/fr\/wp-json\/wp\/v2\/product\/56885","targetHints":{"allow":["GET"]}}],"collection":[{"href":"https:\/\/modelkars.com\/fr\/wp-json\/wp\/v2\/product"}],"about":[{"href":"https:\/\/modelkars.com\/fr\/wp-json\/wp\/v2\/types\/product"}],"wp:featuredmedia":[{"embeddable":true,"href":"https:\/\/modelkars.com\/fr\/wp-json\/wp\/v2\/media\/98422"}],"wp:attachment":[{"href":"https:\/\/modelkars.com\/fr\/wp-json\/wp\/v2\/media?parent=56885"}],"wp:term":[{"taxonomy":"product_brand","embeddable":true,"href":"https:\/\/modelkars.com\/fr\/wp-json\/wp\/v2\/product_brand?post=56885"},{"taxonomy":"product_cat","embeddable":true,"href":"https:\/\/modelkars.com\/fr\/wp-json\/wp\/v2\/product_cat?post=56885"},{"taxonomy":"product_tag","embeddable":true,"href":"https:\/\/modelkars.com\/fr\/wp-json\/wp\/v2\/product_tag?post=56885"}],"curies":[{"name":"wp","href":"https:\/\/api.w.org\/{rel}","templated":true}]}}