{"id":56883,"date":"2026-02-23T00:00:01","date_gmt":"2026-02-22T23:00:01","guid":{"rendered":"https:\/\/modelkars.com\/?post_type=product&#038;p=56883"},"modified":"2026-03-19T02:30:54","modified_gmt":"2026-03-19T01:30:54","slug":"71761-dodge-challenger-srt-jailbreak-2022-vert-f8","status":"publish","type":"product","link":"https:\/\/modelkars.com\/fr\/shop\/autoart\/71761-dodge-challenger-srt-jailbreak-2022-vert-f8\/","title":{"rendered":"Dodge Challenger SRT Jailbreak 2022"},"content":{"rendered":"","protected":false},"excerpt":{"rendered":"<p>Cette Dodge Challenger SRT Jailbreak 2022 \u00e0 l&rsquo;\u00e9chelle 1:18 en vert F8 est une reproduction exceptionnelle par AUTOart. Con\u00e7ue en mat\u00e9riau composite, cette miniature dispose de pi\u00e8ces ouvrantes pour une exp\u00e9rience plus r\u00e9aliste. Le programme Jailbreak permet aux passionn\u00e9s de personnaliser leur v\u00e9hicule \u00e0 un niveau in\u00e9dit, refl\u00e9tant ainsi le vrai esprit de la muscle car am\u00e9ricaine.<\/p>\n","protected":false},"featured_media":94416,"template":"","meta":{"_seopress_robots_primary_cat":"","_seopress_titles_title":"","_seopress_titles_desc":"","_seopress_robots_index":""},"product_brand":[],"product_cat":[118],"product_tag":[117,119,84],"class_list":{"0":"post-56883","1":"product","2":"type-product","3":"status-publish","4":"has-post-thumbnail","6":"product_cat-autoart","7":"product_tag-avec-ouvrants","8":"product_tag-composite","9":"product_tag-echelle-118","11":"first","12":"instock","13":"taxable","14":"shipping-taxable","15":"purchasable","16":"product-type-simple"},"_links":{"self":[{"href":"https:\/\/modelkars.com\/fr\/wp-json\/wp\/v2\/product\/56883","targetHints":{"allow":["GET"]}}],"collection":[{"href":"https:\/\/modelkars.com\/fr\/wp-json\/wp\/v2\/product"}],"about":[{"href":"https:\/\/modelkars.com\/fr\/wp-json\/wp\/v2\/types\/product"}],"wp:featuredmedia":[{"embeddable":true,"href":"https:\/\/modelkars.com\/fr\/wp-json\/wp\/v2\/media\/94416"}],"wp:attachment":[{"href":"https:\/\/modelkars.com\/fr\/wp-json\/wp\/v2\/media?parent=56883"}],"wp:term":[{"taxonomy":"product_brand","embeddable":true,"href":"https:\/\/modelkars.com\/fr\/wp-json\/wp\/v2\/product_brand?post=56883"},{"taxonomy":"product_cat","embeddable":true,"href":"https:\/\/modelkars.com\/fr\/wp-json\/wp\/v2\/product_cat?post=56883"},{"taxonomy":"product_tag","embeddable":true,"href":"https:\/\/modelkars.com\/fr\/wp-json\/wp\/v2\/product_tag?post=56883"}],"curies":[{"name":"wp","href":"https:\/\/api.w.org\/{rel}","templated":true}]}}