{"id":56661,"date":"2025-07-28T00:00:01","date_gmt":"2025-07-27T22:00:01","guid":{"rendered":"https:\/\/modelkars.com\/?post_type=product&#038;p=56661"},"modified":"2026-03-23T21:47:43","modified_gmt":"2026-03-23T20:47:43","slug":"p18223g-pagani-utopia-bleu-midnight-glossy","status":"publish","type":"product","link":"https:\/\/modelkars.com\/fr\/shop\/bbr\/p18223g-pagani-utopia-bleu-midnight-glossy\/","title":{"rendered":"Pagani Utopia"},"content":{"rendered":"","protected":false},"excerpt":{"rendered":"<p>La Pagani Utopia \u00e0 l&rsquo;\u00e9chelle 1:18, fabriqu\u00e9e en r\u00e9sine par BBR, se pare d&rsquo;une \u00e9l\u00e9gante teinte bleu Midnight glossy avec des liser\u00e9s blancs. Limit\u00e9e \u00e0 100 exemplaires, cette miniature est mont\u00e9e sur un socle. L&rsquo;Utopia repr\u00e9sente le summum de l&rsquo;ing\u00e9nierie automobile et du design artistique de Pagani, combinant des performances exceptionnelles avec une esth\u00e9tique raffin\u00e9e.<\/p>\n","protected":false},"featured_media":67788,"template":"","meta":{"_seopress_robots_primary_cat":"","_seopress_titles_title":"","_seopress_titles_desc":"","_seopress_robots_index":""},"product_brand":[],"product_cat":[315],"product_tag":[84,93,92,85,86],"class_list":{"0":"post-56661","1":"product","2":"type-product","3":"status-publish","4":"has-post-thumbnail","6":"product_cat-bbr","7":"product_tag-echelle-118","8":"product_tag-edition-limitee","9":"product_tag-resine","10":"product_tag-sans-ouvrants","11":"product_tag-socle-inclus","13":"first","14":"outofstock","15":"taxable","16":"shipping-taxable","17":"purchasable","18":"product-type-simple"},"_links":{"self":[{"href":"https:\/\/modelkars.com\/fr\/wp-json\/wp\/v2\/product\/56661","targetHints":{"allow":["GET"]}}],"collection":[{"href":"https:\/\/modelkars.com\/fr\/wp-json\/wp\/v2\/product"}],"about":[{"href":"https:\/\/modelkars.com\/fr\/wp-json\/wp\/v2\/types\/product"}],"wp:featuredmedia":[{"embeddable":true,"href":"https:\/\/modelkars.com\/fr\/wp-json\/wp\/v2\/media\/67788"}],"wp:attachment":[{"href":"https:\/\/modelkars.com\/fr\/wp-json\/wp\/v2\/media?parent=56661"}],"wp:term":[{"taxonomy":"product_brand","embeddable":true,"href":"https:\/\/modelkars.com\/fr\/wp-json\/wp\/v2\/product_brand?post=56661"},{"taxonomy":"product_cat","embeddable":true,"href":"https:\/\/modelkars.com\/fr\/wp-json\/wp\/v2\/product_cat?post=56661"},{"taxonomy":"product_tag","embeddable":true,"href":"https:\/\/modelkars.com\/fr\/wp-json\/wp\/v2\/product_tag?post=56661"}],"curies":[{"name":"wp","href":"https:\/\/api.w.org\/{rel}","templated":true}]}}