{"id":56660,"date":"2025-08-19T00:00:01","date_gmt":"2025-08-18T22:00:01","guid":{"rendered":"https:\/\/modelkars.com\/?post_type=product&#038;p=56660"},"modified":"2025-12-02T00:00:16","modified_gmt":"2025-12-01T23:00:16","slug":"p18223h-pagani-utopia-blanc-benny-bande-rouge","status":"publish","type":"product","link":"https:\/\/modelkars.com\/fr\/shop\/bbr\/p18223h-pagani-utopia-blanc-benny-bande-rouge\/","title":{"rendered":"Pagani Utopia"},"content":{"rendered":"","protected":false},"excerpt":{"rendered":"<p>Cette Pagani Utopia \u00e0 l&rsquo;\u00e9chelle 1:18, r\u00e9alis\u00e9e en r\u00e9sine par BBR, se distingue par sa couleur blanc Benny avec des accents de carbone et une bande rouge, rappelant la livr\u00e9e embl\u00e9matique de la Zonda Cinque. En \u00e9dition limit\u00e9e \u00e0 50 exemplaires, ce mod\u00e8le est fourni avec un socle. L&rsquo;Utopia incarne la quintessence du savoir-faire artisanal et de l&rsquo;innovation de Pagani, mariant performance et design distinctif.<\/p>\n","protected":false},"featured_media":67806,"template":"","meta":{"_seopress_robots_primary_cat":"","_seopress_titles_title":"","_seopress_titles_desc":"","_seopress_robots_index":""},"product_brand":[],"product_cat":[315],"product_tag":[84,93,92,85,86],"class_list":{"0":"post-56660","1":"product","2":"type-product","3":"status-publish","4":"has-post-thumbnail","6":"product_cat-bbr","7":"product_tag-echelle-118","8":"product_tag-edition-limitee","9":"product_tag-resine","10":"product_tag-sans-ouvrants","11":"product_tag-socle-inclus","13":"first","14":"instock","15":"taxable","16":"shipping-taxable","17":"purchasable","18":"product-type-simple"},"_links":{"self":[{"href":"https:\/\/modelkars.com\/fr\/wp-json\/wp\/v2\/product\/56660","targetHints":{"allow":["GET"]}}],"collection":[{"href":"https:\/\/modelkars.com\/fr\/wp-json\/wp\/v2\/product"}],"about":[{"href":"https:\/\/modelkars.com\/fr\/wp-json\/wp\/v2\/types\/product"}],"wp:featuredmedia":[{"embeddable":true,"href":"https:\/\/modelkars.com\/fr\/wp-json\/wp\/v2\/media\/67806"}],"wp:attachment":[{"href":"https:\/\/modelkars.com\/fr\/wp-json\/wp\/v2\/media?parent=56660"}],"wp:term":[{"taxonomy":"product_brand","embeddable":true,"href":"https:\/\/modelkars.com\/fr\/wp-json\/wp\/v2\/product_brand?post=56660"},{"taxonomy":"product_cat","embeddable":true,"href":"https:\/\/modelkars.com\/fr\/wp-json\/wp\/v2\/product_cat?post=56660"},{"taxonomy":"product_tag","embeddable":true,"href":"https:\/\/modelkars.com\/fr\/wp-json\/wp\/v2\/product_tag?post=56660"}],"curies":[{"name":"wp","href":"https:\/\/api.w.org\/{rel}","templated":true}]}}