{"id":56657,"date":"2024-11-05T00:00:01","date_gmt":"2024-11-04T23:00:01","guid":{"rendered":"https:\/\/modelkars.com\/?post_type=product&#038;p=56657"},"modified":"2025-12-02T00:00:27","modified_gmt":"2025-12-01T23:00:27","slug":"fe041se2-ferrari-sf90-xx-stradale-gris-nardo","status":"publish","type":"product","link":"https:\/\/modelkars.com\/fr\/shop\/mr-collection\/fe041se2-ferrari-sf90-xx-stradale-gris-nardo\/","title":{"rendered":"Ferrari SF90 XX Stradale"},"content":{"rendered":"","protected":false},"excerpt":{"rendered":"<p>Cette Ferrari SF90 XX Stradale \u00e0 l&rsquo;\u00e9chelle 1:18, r\u00e9alis\u00e9e en r\u00e9sine par MR Collection, se distingue par sa couleur gris Nardo. Limit\u00e9 \u00e0 99 exemplaires, ce mod\u00e8le est livr\u00e9 avec un socle et une vitrine. La SF90 XX Stradale est un chef-d&rsquo;\u0153uvre de performance et de design, rappelant l&rsquo;excellence de Ferrari sur circuit.<\/p>\n","protected":false},"featured_media":59220,"template":"","meta":{"_seopress_robots_primary_cat":"","_seopress_titles_title":"","_seopress_titles_desc":"","_seopress_robots_index":""},"product_brand":[],"product_cat":[95],"product_tag":[84,93,92,85,86,323],"class_list":{"0":"post-56657","1":"product","2":"type-product","3":"status-publish","4":"has-post-thumbnail","6":"product_cat-mr-collection","7":"product_tag-echelle-118","8":"product_tag-edition-limitee","9":"product_tag-resine","10":"product_tag-sans-ouvrants","11":"product_tag-socle-inclus","12":"product_tag-vitrine-incluse","14":"first","15":"instock","16":"taxable","17":"shipping-taxable","18":"purchasable","19":"product-type-simple"},"_links":{"self":[{"href":"https:\/\/modelkars.com\/fr\/wp-json\/wp\/v2\/product\/56657","targetHints":{"allow":["GET"]}}],"collection":[{"href":"https:\/\/modelkars.com\/fr\/wp-json\/wp\/v2\/product"}],"about":[{"href":"https:\/\/modelkars.com\/fr\/wp-json\/wp\/v2\/types\/product"}],"wp:featuredmedia":[{"embeddable":true,"href":"https:\/\/modelkars.com\/fr\/wp-json\/wp\/v2\/media\/59220"}],"wp:attachment":[{"href":"https:\/\/modelkars.com\/fr\/wp-json\/wp\/v2\/media?parent=56657"}],"wp:term":[{"taxonomy":"product_brand","embeddable":true,"href":"https:\/\/modelkars.com\/fr\/wp-json\/wp\/v2\/product_brand?post=56657"},{"taxonomy":"product_cat","embeddable":true,"href":"https:\/\/modelkars.com\/fr\/wp-json\/wp\/v2\/product_cat?post=56657"},{"taxonomy":"product_tag","embeddable":true,"href":"https:\/\/modelkars.com\/fr\/wp-json\/wp\/v2\/product_tag?post=56657"}],"curies":[{"name":"wp","href":"https:\/\/api.w.org\/{rel}","templated":true}]}}