{"id":56656,"date":"2024-11-19T00:00:01","date_gmt":"2024-11-18T23:00:01","guid":{"rendered":"https:\/\/modelkars.com\/?post_type=product&#038;p=56656"},"modified":"2025-12-02T00:00:27","modified_gmt":"2025-12-01T23:00:27","slug":"fe041se1-ferrari-sf90-xx-stradale-rouge-le-mans-mate","status":"publish","type":"product","link":"https:\/\/modelkars.com\/fr\/shop\/mr-collection\/fe041se1-ferrari-sf90-xx-stradale-rouge-le-mans-mate\/","title":{"rendered":"Ferrari SF90 XX Stradale"},"content":{"rendered":"","protected":false},"excerpt":{"rendered":"<p>La Ferrari SF90 XX Stradale en r\u00e9sine de MR Collection, \u00e0 l&rsquo;\u00e9chelle 1:18, se distingue par sa teinte rouge Le Mans mate. \u00c9dition limit\u00e9e \u00e0 99 exemplaires, ce mod\u00e8le est accompagn\u00e9 d&rsquo;un socle et d&rsquo;une vitrine. La SF90 XX Stradale incarne l&rsquo;ADN de course de Ferrari, alliant innovation technologique et design audacieux.<\/p>\n","protected":false},"featured_media":60505,"template":"","meta":{"_seopress_robots_primary_cat":"","_seopress_titles_title":"","_seopress_titles_desc":"","_seopress_robots_index":""},"product_brand":[],"product_cat":[95],"product_tag":[84,93,92,85,86,323],"class_list":{"0":"post-56656","1":"product","2":"type-product","3":"status-publish","4":"has-post-thumbnail","6":"product_cat-mr-collection","7":"product_tag-echelle-118","8":"product_tag-edition-limitee","9":"product_tag-resine","10":"product_tag-sans-ouvrants","11":"product_tag-socle-inclus","12":"product_tag-vitrine-incluse","14":"first","15":"instock","16":"taxable","17":"shipping-taxable","18":"purchasable","19":"product-type-simple"},"_links":{"self":[{"href":"https:\/\/modelkars.com\/fr\/wp-json\/wp\/v2\/product\/56656","targetHints":{"allow":["GET"]}}],"collection":[{"href":"https:\/\/modelkars.com\/fr\/wp-json\/wp\/v2\/product"}],"about":[{"href":"https:\/\/modelkars.com\/fr\/wp-json\/wp\/v2\/types\/product"}],"wp:featuredmedia":[{"embeddable":true,"href":"https:\/\/modelkars.com\/fr\/wp-json\/wp\/v2\/media\/60505"}],"wp:attachment":[{"href":"https:\/\/modelkars.com\/fr\/wp-json\/wp\/v2\/media?parent=56656"}],"wp:term":[{"taxonomy":"product_brand","embeddable":true,"href":"https:\/\/modelkars.com\/fr\/wp-json\/wp\/v2\/product_brand?post=56656"},{"taxonomy":"product_cat","embeddable":true,"href":"https:\/\/modelkars.com\/fr\/wp-json\/wp\/v2\/product_cat?post=56656"},{"taxonomy":"product_tag","embeddable":true,"href":"https:\/\/modelkars.com\/fr\/wp-json\/wp\/v2\/product_tag?post=56656"}],"curies":[{"name":"wp","href":"https:\/\/api.w.org\/{rel}","templated":true}]}}