{"id":56653,"date":"2024-07-19T00:00:01","date_gmt":"2024-07-18T22:00:01","guid":{"rendered":"https:\/\/modelkars.com\/?post_type=product&#038;p=56653"},"modified":"2025-12-01T01:53:02","modified_gmt":"2025-12-01T00:53:02","slug":"fe041a-ferrari-sf90-xx-stradale-blanc-artico","status":"publish","type":"product","link":"https:\/\/modelkars.com\/fr\/shop\/mr-collection\/fe041a-ferrari-sf90-xx-stradale-blanc-artico\/","title":{"rendered":"Ferrari SF90 XX Stradale"},"content":{"rendered":"","protected":false},"excerpt":{"rendered":"<p>Cette Ferrari SF90 XX Stradale \u00e0 l&rsquo;\u00e9chelle 1:18 est finement reproduite en r\u00e9sine par MR Collection, arborant une \u00e9l\u00e9gante couleur blanc Artico. Ce mod\u00e8le, en \u00e9dition limit\u00e9e, est mont\u00e9 sur un socle et accompagn\u00e9 d&rsquo;une vitrine, parfait pour les collectionneurs exigeants. La Ferrari SF90 XX Stradale est une fusion spectaculaire de technologie hybride et de design agressif, inspir\u00e9e par l&rsquo;h\u00e9ritage des mod\u00e8les Ferrari de course.<\/p>\n","protected":false},"featured_media":56664,"template":"","meta":{"_seopress_robots_primary_cat":"","_seopress_titles_title":"","_seopress_titles_desc":"","_seopress_robots_index":""},"product_brand":[],"product_cat":[95],"product_tag":[84,93,92,85,86,323],"class_list":{"0":"post-56653","1":"product","2":"type-product","3":"status-publish","4":"has-post-thumbnail","6":"product_cat-mr-collection","7":"product_tag-echelle-118","8":"product_tag-edition-limitee","9":"product_tag-resine","10":"product_tag-sans-ouvrants","11":"product_tag-socle-inclus","12":"product_tag-vitrine-incluse","14":"first","15":"outofstock","16":"taxable","17":"shipping-taxable","18":"purchasable","19":"product-type-simple"},"_links":{"self":[{"href":"https:\/\/modelkars.com\/fr\/wp-json\/wp\/v2\/product\/56653","targetHints":{"allow":["GET"]}}],"collection":[{"href":"https:\/\/modelkars.com\/fr\/wp-json\/wp\/v2\/product"}],"about":[{"href":"https:\/\/modelkars.com\/fr\/wp-json\/wp\/v2\/types\/product"}],"wp:featuredmedia":[{"embeddable":true,"href":"https:\/\/modelkars.com\/fr\/wp-json\/wp\/v2\/media\/56664"}],"wp:attachment":[{"href":"https:\/\/modelkars.com\/fr\/wp-json\/wp\/v2\/media?parent=56653"}],"wp:term":[{"taxonomy":"product_brand","embeddable":true,"href":"https:\/\/modelkars.com\/fr\/wp-json\/wp\/v2\/product_brand?post=56653"},{"taxonomy":"product_cat","embeddable":true,"href":"https:\/\/modelkars.com\/fr\/wp-json\/wp\/v2\/product_cat?post=56653"},{"taxonomy":"product_tag","embeddable":true,"href":"https:\/\/modelkars.com\/fr\/wp-json\/wp\/v2\/product_tag?post=56653"}],"curies":[{"name":"wp","href":"https:\/\/api.w.org\/{rel}","templated":true}]}}