{"id":56578,"date":"2025-07-16T20:32:34","date_gmt":"2025-07-16T18:32:34","guid":{"rendered":"https:\/\/modelkars.com\/?post_type=product&#038;p=56578"},"modified":"2025-12-02T00:00:18","modified_gmt":"2025-12-01T23:00:18","slug":"bbr1219dirty-ferrari-499p-51-vainqueur-24h-du-mans-2023-ferrari-af-corse-51-pier-guidi-calado-giovinazzi-version-sale","status":"publish","type":"product","link":"https:\/\/modelkars.com\/fr\/shop\/bbr\/bbr1219dirty-ferrari-499p-51-vainqueur-24h-du-mans-2023-ferrari-af-corse-51-pier-guidi-calado-giovinazzi-version-sale\/","title":{"rendered":"Ferrari 499P #51 apr\u00e8s-course (Vainqueur 24h du Mans 2023)"},"content":{"rendered":"","protected":false},"excerpt":{"rendered":"<p>Cette Ferrari 499P \u00e0 l&rsquo;\u00e9chelle 1:12 comm\u00e9more la victoire de la num\u00e9ro 51 aux 24 heures du Mans 2023. Ferrari a appliqu\u00e9 une peinture mate transparente pour pr\u00e9server l&rsquo;\u00e9tat exact de la voiture \u00e0 l&rsquo;arriv\u00e9e, y compris les traces d&rsquo;huile, de poussi\u00e8re et d&rsquo;insectes sur le pare-brise. Fabriqu\u00e9e par BBR en r\u00e9sine, cette \u00e9dition limit\u00e9e \u00e0 299 exemplaires est pr\u00e9sent\u00e9e sur un socle recr\u00e9ant l&rsquo;arriv\u00e9e de la course, avec une vitrine en plexiglas fait main et une bo\u00eete personnalis\u00e9e.<\/p>\n","protected":false},"featured_media":56583,"template":"","meta":{"_seopress_robots_primary_cat":"","_seopress_titles_title":"","_seopress_titles_desc":"","_seopress_robots_index":""},"product_brand":[],"product_cat":[315],"product_tag":[188,93,92,85,86,323],"class_list":{"0":"post-56578","1":"product","2":"type-product","3":"status-publish","4":"has-post-thumbnail","6":"product_cat-bbr","7":"product_tag-echelle-112","8":"product_tag-edition-limitee","9":"product_tag-resine","10":"product_tag-sans-ouvrants","11":"product_tag-socle-inclus","12":"product_tag-vitrine-incluse","14":"first","15":"instock","16":"taxable","17":"shipping-taxable","18":"purchasable","19":"product-type-simple"},"_links":{"self":[{"href":"https:\/\/modelkars.com\/fr\/wp-json\/wp\/v2\/product\/56578","targetHints":{"allow":["GET"]}}],"collection":[{"href":"https:\/\/modelkars.com\/fr\/wp-json\/wp\/v2\/product"}],"about":[{"href":"https:\/\/modelkars.com\/fr\/wp-json\/wp\/v2\/types\/product"}],"wp:featuredmedia":[{"embeddable":true,"href":"https:\/\/modelkars.com\/fr\/wp-json\/wp\/v2\/media\/56583"}],"wp:attachment":[{"href":"https:\/\/modelkars.com\/fr\/wp-json\/wp\/v2\/media?parent=56578"}],"wp:term":[{"taxonomy":"product_brand","embeddable":true,"href":"https:\/\/modelkars.com\/fr\/wp-json\/wp\/v2\/product_brand?post=56578"},{"taxonomy":"product_cat","embeddable":true,"href":"https:\/\/modelkars.com\/fr\/wp-json\/wp\/v2\/product_cat?post=56578"},{"taxonomy":"product_tag","embeddable":true,"href":"https:\/\/modelkars.com\/fr\/wp-json\/wp\/v2\/product_tag?post=56578"}],"curies":[{"name":"wp","href":"https:\/\/api.w.org\/{rel}","templated":true}]}}