{"id":56574,"date":"2024-07-12T20:32:33","date_gmt":"2024-07-12T18:32:33","guid":{"rendered":"https:\/\/modelkars.com\/?post_type=product&#038;p=56574"},"modified":"2025-12-01T01:53:03","modified_gmt":"2025-12-01T00:53:03","slug":"bug014f-bugatti-bolide-carbone-noir-mat","status":"publish","type":"product","link":"https:\/\/modelkars.com\/fr\/shop\/mr-collection\/bug014f-bugatti-bolide-carbone-noir-mat\/","title":{"rendered":"Bugatti Bolide"},"content":{"rendered":"","protected":false},"excerpt":{"rendered":"<p>Cette Bugatti Bolide en carbone noir mat \u00e0 l&rsquo;\u00e9chelle 1:18, \u00e9dition limit\u00e9e \u00e0 149 exemplaires, est une cr\u00e9ation de MR Collection. La Bolide utilise un moteur W16 quad-turbo de 8.0 litres d\u00e9livrant jusqu&rsquo;\u00e0 1850 chevaux ! Fabriqu\u00e9e en r\u00e9sine, cette miniature haut de gamme est livr\u00e9e avec un socle et une vitrine.<\/p>\n","protected":false},"featured_media":56628,"template":"","meta":{"_seopress_robots_primary_cat":"","_seopress_titles_title":"","_seopress_titles_desc":"","_seopress_robots_index":""},"product_brand":[],"product_cat":[95,163],"product_tag":[84,93,92,85,86,323],"class_list":{"0":"post-56574","1":"product","2":"type-product","3":"status-publish","4":"has-post-thumbnail","6":"product_cat-mr-collection","7":"product_cat-precommandes","8":"product_tag-echelle-118","9":"product_tag-edition-limitee","10":"product_tag-resine","11":"product_tag-sans-ouvrants","12":"product_tag-socle-inclus","13":"product_tag-vitrine-incluse","15":"first","16":"instock","17":"taxable","18":"shipping-taxable","19":"purchasable","20":"product-type-simple"},"_links":{"self":[{"href":"https:\/\/modelkars.com\/fr\/wp-json\/wp\/v2\/product\/56574","targetHints":{"allow":["GET"]}}],"collection":[{"href":"https:\/\/modelkars.com\/fr\/wp-json\/wp\/v2\/product"}],"about":[{"href":"https:\/\/modelkars.com\/fr\/wp-json\/wp\/v2\/types\/product"}],"wp:featuredmedia":[{"embeddable":true,"href":"https:\/\/modelkars.com\/fr\/wp-json\/wp\/v2\/media\/56628"}],"wp:attachment":[{"href":"https:\/\/modelkars.com\/fr\/wp-json\/wp\/v2\/media?parent=56574"}],"wp:term":[{"taxonomy":"product_brand","embeddable":true,"href":"https:\/\/modelkars.com\/fr\/wp-json\/wp\/v2\/product_brand?post=56574"},{"taxonomy":"product_cat","embeddable":true,"href":"https:\/\/modelkars.com\/fr\/wp-json\/wp\/v2\/product_cat?post=56574"},{"taxonomy":"product_tag","embeddable":true,"href":"https:\/\/modelkars.com\/fr\/wp-json\/wp\/v2\/product_tag?post=56574"}],"curies":[{"name":"wp","href":"https:\/\/api.w.org\/{rel}","templated":true}]}}