{"id":56573,"date":"2026-04-24T00:00:01","date_gmt":"2026-04-23T22:00:01","guid":{"rendered":"https:\/\/modelkars.com\/?post_type=product&#038;p=56573"},"modified":"2026-04-26T21:36:45","modified_gmt":"2026-04-26T19:36:45","slug":"bug014e-bugatti-bolide-blanc-quartz","status":"publish","type":"product","link":"https:\/\/modelkars.com\/fr\/shop\/mr-collection\/bug014e-bugatti-bolide-blanc-quartz\/","title":{"rendered":"Bugatti Bolide"},"content":{"rendered":"","protected":false},"excerpt":{"rendered":"<p>La Bugatti Bolide \u00e0 l&rsquo;\u00e9chelle 1:18 en blanc Quartz est une pi\u00e8ce de collection exclusive par MR Collection. La Bolide a \u00e9t\u00e9 con\u00e7ue pour offrir une exp\u00e9rience de conduite in\u00e9gal\u00e9e, atteignant des vitesses de pointe gr\u00e2ce \u00e0 une ing\u00e9nierie avanc\u00e9e et un design futuriste. Fabriqu\u00e9e en r\u00e9sine, cette s\u00e9rie limit\u00e9e est fournie avec un socle haut de gamme et une vitrine.<\/p>\n","protected":false},"featured_media":56625,"template":"","meta":{"_seopress_robots_primary_cat":"","_seopress_titles_title":"","_seopress_titles_desc":"","_seopress_robots_index":""},"product_brand":[],"product_cat":[95],"product_tag":[84,93,92,85,86,323],"class_list":{"0":"post-56573","1":"product","2":"type-product","3":"status-publish","4":"has-post-thumbnail","6":"product_cat-mr-collection","7":"product_tag-echelle-118","8":"product_tag-edition-limitee","9":"product_tag-resine","10":"product_tag-sans-ouvrants","11":"product_tag-socle-inclus","12":"product_tag-vitrine-incluse","14":"first","15":"instock","16":"taxable","17":"shipping-taxable","18":"purchasable","19":"product-type-simple"},"_links":{"self":[{"href":"https:\/\/modelkars.com\/fr\/wp-json\/wp\/v2\/product\/56573","targetHints":{"allow":["GET"]}}],"collection":[{"href":"https:\/\/modelkars.com\/fr\/wp-json\/wp\/v2\/product"}],"about":[{"href":"https:\/\/modelkars.com\/fr\/wp-json\/wp\/v2\/types\/product"}],"wp:featuredmedia":[{"embeddable":true,"href":"https:\/\/modelkars.com\/fr\/wp-json\/wp\/v2\/media\/56625"}],"wp:attachment":[{"href":"https:\/\/modelkars.com\/fr\/wp-json\/wp\/v2\/media?parent=56573"}],"wp:term":[{"taxonomy":"product_brand","embeddable":true,"href":"https:\/\/modelkars.com\/fr\/wp-json\/wp\/v2\/product_brand?post=56573"},{"taxonomy":"product_cat","embeddable":true,"href":"https:\/\/modelkars.com\/fr\/wp-json\/wp\/v2\/product_cat?post=56573"},{"taxonomy":"product_tag","embeddable":true,"href":"https:\/\/modelkars.com\/fr\/wp-json\/wp\/v2\/product_tag?post=56573"}],"curies":[{"name":"wp","href":"https:\/\/api.w.org\/{rel}","templated":true}]}}