{"id":56571,"date":"2026-04-24T00:00:01","date_gmt":"2026-04-23T22:00:01","guid":{"rendered":"https:\/\/modelkars.com\/?post_type=product&#038;p=56571"},"modified":"2026-04-26T21:36:51","modified_gmt":"2026-04-26T19:36:51","slug":"bug014c-bugatti-bolide-rouge-italian","status":"publish","type":"product","link":"https:\/\/modelkars.com\/fr\/shop\/mr-collection\/bug014c-bugatti-bolide-rouge-italian\/","title":{"rendered":"Bugatti Bolide"},"content":{"rendered":"","protected":false},"excerpt":{"rendered":"<p>D\u00e9couvrez la Bugatti Bolide \u00e0 l&rsquo;\u00e9chelle 1:18 en rouge Italian, fid\u00e8lement reproduite par MR Collection. La Bolide a \u00e9t\u00e9 con\u00e7ue pour offrir des performances de pointe tout en respectant les normes de s\u00e9curit\u00e9 les plus strictes. En r\u00e9sine, cette s\u00e9rie limit\u00e9e est livr\u00e9e avec un socle et une vitrine haut de gamme.<\/p>\n","protected":false},"featured_media":56619,"template":"","meta":{"_seopress_robots_primary_cat":"","_seopress_titles_title":"","_seopress_titles_desc":"","_seopress_robots_index":""},"product_brand":[],"product_cat":[95],"product_tag":[84,93,92,85,86,323],"class_list":{"0":"post-56571","1":"product","2":"type-product","3":"status-publish","4":"has-post-thumbnail","6":"product_cat-mr-collection","7":"product_tag-echelle-118","8":"product_tag-edition-limitee","9":"product_tag-resine","10":"product_tag-sans-ouvrants","11":"product_tag-socle-inclus","12":"product_tag-vitrine-incluse","14":"first","15":"instock","16":"taxable","17":"shipping-taxable","18":"purchasable","19":"product-type-simple"},"_links":{"self":[{"href":"https:\/\/modelkars.com\/fr\/wp-json\/wp\/v2\/product\/56571","targetHints":{"allow":["GET"]}}],"collection":[{"href":"https:\/\/modelkars.com\/fr\/wp-json\/wp\/v2\/product"}],"about":[{"href":"https:\/\/modelkars.com\/fr\/wp-json\/wp\/v2\/types\/product"}],"wp:featuredmedia":[{"embeddable":true,"href":"https:\/\/modelkars.com\/fr\/wp-json\/wp\/v2\/media\/56619"}],"wp:attachment":[{"href":"https:\/\/modelkars.com\/fr\/wp-json\/wp\/v2\/media?parent=56571"}],"wp:term":[{"taxonomy":"product_brand","embeddable":true,"href":"https:\/\/modelkars.com\/fr\/wp-json\/wp\/v2\/product_brand?post=56571"},{"taxonomy":"product_cat","embeddable":true,"href":"https:\/\/modelkars.com\/fr\/wp-json\/wp\/v2\/product_cat?post=56571"},{"taxonomy":"product_tag","embeddable":true,"href":"https:\/\/modelkars.com\/fr\/wp-json\/wp\/v2\/product_tag?post=56571"}],"curies":[{"name":"wp","href":"https:\/\/api.w.org\/{rel}","templated":true}]}}