{"id":56570,"date":"2026-04-24T00:00:01","date_gmt":"2026-04-23T22:00:01","guid":{"rendered":"https:\/\/modelkars.com\/?post_type=product&#038;p=56570"},"modified":"2026-04-26T21:36:55","modified_gmt":"2026-04-26T19:36:55","slug":"bug014b-bugatti-bolide-vert-viper","status":"publish","type":"product","link":"https:\/\/modelkars.com\/fr\/shop\/mr-collection\/bug014b-bugatti-bolide-vert-viper\/","title":{"rendered":"Bugatti Bolide"},"content":{"rendered":"","protected":false},"excerpt":{"rendered":"<p>Cette Bugatti Bolide \u00e0 l&rsquo;\u00e9chelle 1:18 en vert Viper est une reproduction spectaculaire par MR Collection. La Bolide peut atteindre une vitesse de pointe de 500 km\/h, ce qui en fait l&rsquo;une des voitures les plus rapides au monde. Fabriqu\u00e9e en r\u00e9sine, cette miniature en s\u00e9rie limit\u00e9e est accompagn\u00e9e d&rsquo;un socle et d&rsquo;une vitrine haut de gamme.<\/p>\n","protected":false},"featured_media":56616,"template":"","meta":{"_seopress_robots_primary_cat":"","_seopress_titles_title":"","_seopress_titles_desc":"","_seopress_robots_index":""},"product_brand":[],"product_cat":[95],"product_tag":[84,93,92,85,86,323],"class_list":{"0":"post-56570","1":"product","2":"type-product","3":"status-publish","4":"has-post-thumbnail","6":"product_cat-mr-collection","7":"product_tag-echelle-118","8":"product_tag-edition-limitee","9":"product_tag-resine","10":"product_tag-sans-ouvrants","11":"product_tag-socle-inclus","12":"product_tag-vitrine-incluse","14":"first","15":"instock","16":"taxable","17":"shipping-taxable","18":"purchasable","19":"product-type-simple"},"_links":{"self":[{"href":"https:\/\/modelkars.com\/fr\/wp-json\/wp\/v2\/product\/56570","targetHints":{"allow":["GET"]}}],"collection":[{"href":"https:\/\/modelkars.com\/fr\/wp-json\/wp\/v2\/product"}],"about":[{"href":"https:\/\/modelkars.com\/fr\/wp-json\/wp\/v2\/types\/product"}],"wp:featuredmedia":[{"embeddable":true,"href":"https:\/\/modelkars.com\/fr\/wp-json\/wp\/v2\/media\/56616"}],"wp:attachment":[{"href":"https:\/\/modelkars.com\/fr\/wp-json\/wp\/v2\/media?parent=56570"}],"wp:term":[{"taxonomy":"product_brand","embeddable":true,"href":"https:\/\/modelkars.com\/fr\/wp-json\/wp\/v2\/product_brand?post=56570"},{"taxonomy":"product_cat","embeddable":true,"href":"https:\/\/modelkars.com\/fr\/wp-json\/wp\/v2\/product_cat?post=56570"},{"taxonomy":"product_tag","embeddable":true,"href":"https:\/\/modelkars.com\/fr\/wp-json\/wp\/v2\/product_tag?post=56570"}],"curies":[{"name":"wp","href":"https:\/\/api.w.org\/{rel}","templated":true}]}}