{"id":56439,"date":"2025-06-16T00:00:01","date_gmt":"2025-06-15T22:00:01","guid":{"rendered":"https:\/\/modelkars.com\/?post_type=product&#038;p=56439"},"modified":"2025-11-30T19:36:05","modified_gmt":"2025-11-30T18:36:05","slug":"p18145vast2024-ferrari-488-pista-violet-al-humaid-et-bande-jaune-et-noire","status":"publish","type":"product","link":"https:\/\/modelkars.com\/fr\/shop\/bbr\/p18145vast2024-ferrari-488-pista-violet-al-humaid-et-bande-jaune-et-noire\/","title":{"rendered":"Ferrari 488 Pista"},"content":{"rendered":"","protected":false},"excerpt":{"rendered":"<p>Appr\u00e9ciez cette Ferrari 488 Pista de BBR \u00e0 l&rsquo;\u00e9chelle 1:18\u00e8me, avec une finition unique violet Al Humaid et une bande jaune et noire. R\u00e9alis\u00e9e en r\u00e9sine, cette \u00e9dition limit\u00e9e \u00e0 148 exemplaires est mont\u00e9e sur un socle, parfaite pour enrichir toute collection.<\/p>\n","protected":false},"featured_media":66543,"template":"","meta":{"_seopress_robots_primary_cat":"","_seopress_titles_title":"","_seopress_titles_desc":"","_seopress_robots_index":""},"product_brand":[],"product_cat":[315],"product_tag":[84,93,92,85,86],"class_list":{"0":"post-56439","1":"product","2":"type-product","3":"status-publish","4":"has-post-thumbnail","6":"product_cat-bbr","7":"product_tag-echelle-118","8":"product_tag-edition-limitee","9":"product_tag-resine","10":"product_tag-sans-ouvrants","11":"product_tag-socle-inclus","13":"first","14":"outofstock","15":"taxable","16":"shipping-taxable","17":"purchasable","18":"product-type-simple"},"_links":{"self":[{"href":"https:\/\/modelkars.com\/fr\/wp-json\/wp\/v2\/product\/56439","targetHints":{"allow":["GET"]}}],"collection":[{"href":"https:\/\/modelkars.com\/fr\/wp-json\/wp\/v2\/product"}],"about":[{"href":"https:\/\/modelkars.com\/fr\/wp-json\/wp\/v2\/types\/product"}],"wp:featuredmedia":[{"embeddable":true,"href":"https:\/\/modelkars.com\/fr\/wp-json\/wp\/v2\/media\/66543"}],"wp:attachment":[{"href":"https:\/\/modelkars.com\/fr\/wp-json\/wp\/v2\/media?parent=56439"}],"wp:term":[{"taxonomy":"product_brand","embeddable":true,"href":"https:\/\/modelkars.com\/fr\/wp-json\/wp\/v2\/product_brand?post=56439"},{"taxonomy":"product_cat","embeddable":true,"href":"https:\/\/modelkars.com\/fr\/wp-json\/wp\/v2\/product_cat?post=56439"},{"taxonomy":"product_tag","embeddable":true,"href":"https:\/\/modelkars.com\/fr\/wp-json\/wp\/v2\/product_tag?post=56439"}],"curies":[{"name":"wp","href":"https:\/\/api.w.org\/{rel}","templated":true}]}}