{"id":56403,"date":"2025-04-25T00:00:01","date_gmt":"2025-04-24T22:00:01","guid":{"rendered":"https:\/\/modelkars.com\/?post_type=product&#038;p=56403"},"modified":"2025-12-02T00:00:21","modified_gmt":"2025-12-01T23:00:21","slug":"ls18lm049-ferrari-499p-51-3eme-24h-du-mans-2024-ferrari-af-corse-pier-guidi-calado-giovinazzi","status":"publish","type":"product","link":"https:\/\/modelkars.com\/fr\/shop\/looksmart\/ls18lm049-ferrari-499p-51-3eme-24h-du-mans-2024-ferrari-af-corse-pier-guidi-calado-giovinazzi\/","title":{"rendered":"Ferrari 499P #51 3\u00e8me 24h du Mans 2024"},"content":{"rendered":"","protected":false},"excerpt":{"rendered":"<p>Cette voiture miniature \u00e0 l&rsquo;\u00e9chelle 1:18 reproduit la Ferrari 499P #51, troisi\u00e8me des 24 Heures du Mans 2024. Fabriqu\u00e9e par Looksmart, ce mod\u00e8le r\u00e9duit en r\u00e9sine pr\u00e9sente les couleurs de l&rsquo;\u00e9quipage Ferrari AF Corse (Pier Guidi\/Calado\/Giovinazzi). Livr\u00e9e avec un socle et une vitrine, cette miniature capture l&rsquo;esprit de l&rsquo;endurance et la comp\u00e9titivit\u00e9 des pilotes Ferrari lors de cette \u00e9dition m\u00e9morable.<\/p>\n","protected":false},"featured_media":66611,"template":"","meta":{"_seopress_robots_primary_cat":"","_seopress_titles_title":"","_seopress_titles_desc":"","_seopress_robots_index":""},"product_brand":[],"product_cat":[506],"product_tag":[84,92,85,86,323],"class_list":{"0":"post-56403","1":"product","2":"type-product","3":"status-publish","4":"has-post-thumbnail","6":"product_cat-looksmart","7":"product_tag-echelle-118","8":"product_tag-resine","9":"product_tag-sans-ouvrants","10":"product_tag-socle-inclus","11":"product_tag-vitrine-incluse","13":"first","14":"instock","15":"taxable","16":"shipping-taxable","17":"purchasable","18":"product-type-simple"},"_links":{"self":[{"href":"https:\/\/modelkars.com\/fr\/wp-json\/wp\/v2\/product\/56403","targetHints":{"allow":["GET"]}}],"collection":[{"href":"https:\/\/modelkars.com\/fr\/wp-json\/wp\/v2\/product"}],"about":[{"href":"https:\/\/modelkars.com\/fr\/wp-json\/wp\/v2\/types\/product"}],"wp:featuredmedia":[{"embeddable":true,"href":"https:\/\/modelkars.com\/fr\/wp-json\/wp\/v2\/media\/66611"}],"wp:attachment":[{"href":"https:\/\/modelkars.com\/fr\/wp-json\/wp\/v2\/media?parent=56403"}],"wp:term":[{"taxonomy":"product_brand","embeddable":true,"href":"https:\/\/modelkars.com\/fr\/wp-json\/wp\/v2\/product_brand?post=56403"},{"taxonomy":"product_cat","embeddable":true,"href":"https:\/\/modelkars.com\/fr\/wp-json\/wp\/v2\/product_cat?post=56403"},{"taxonomy":"product_tag","embeddable":true,"href":"https:\/\/modelkars.com\/fr\/wp-json\/wp\/v2\/product_tag?post=56403"}],"curies":[{"name":"wp","href":"https:\/\/api.w.org\/{rel}","templated":true}]}}