{"id":56287,"date":"2025-01-13T00:00:01","date_gmt":"2025-01-12T23:00:01","guid":{"rendered":"https:\/\/modelkars.com\/?post_type=product&#038;p=56287"},"modified":"2025-12-01T01:52:43","modified_gmt":"2025-12-01T00:52:43","slug":"gt481-alpina-b8-gran-coupe-bmw-m850i-vert","status":"publish","type":"product","link":"https:\/\/modelkars.com\/fr\/shop\/gt-spirit\/gt481-alpina-b8-gran-coupe-bmw-m850i-vert\/","title":{"rendered":"Alpina B8 Gran Coupe (BMW M850i)"},"content":{"rendered":"","protected":false},"excerpt":{"rendered":"<p>Cette voiture miniature \u00e0 l&rsquo;\u00e9chelle 1:18\u00e8me reproduit l&rsquo;Alpina B8 Gran Coupe (BMW M850i) dans un coloris vert. Fabriqu\u00e9 par GT Spirit, ce mod\u00e8le r\u00e9duit est r\u00e9alis\u00e9 en r\u00e9sine. L&rsquo;Alpina B8 combine le luxe de BMW avec la performance embl\u00e9matique d&rsquo;Alpina.<\/p>\n","protected":false},"featured_media":60663,"template":"","meta":{"_seopress_robots_primary_cat":"","_seopress_titles_title":"","_seopress_titles_desc":"","_seopress_robots_index":"","_seopress_analysis_target_kw":""},"product_brand":[],"product_cat":[71],"product_tag":[570,84,93,92,85],"class_list":{"0":"post-56287","1":"product","2":"type-product","3":"status-publish","4":"has-post-thumbnail","6":"product_cat-gt-spirit","7":"product_tag-decembre-2024","8":"product_tag-echelle-118","9":"product_tag-edition-limitee","10":"product_tag-resine","11":"product_tag-sans-ouvrants","13":"first","14":"outofstock","15":"taxable","16":"shipping-taxable","17":"purchasable","18":"product-type-simple"},"_links":{"self":[{"href":"https:\/\/modelkars.com\/fr\/wp-json\/wp\/v2\/product\/56287","targetHints":{"allow":["GET"]}}],"collection":[{"href":"https:\/\/modelkars.com\/fr\/wp-json\/wp\/v2\/product"}],"about":[{"href":"https:\/\/modelkars.com\/fr\/wp-json\/wp\/v2\/types\/product"}],"wp:featuredmedia":[{"embeddable":true,"href":"https:\/\/modelkars.com\/fr\/wp-json\/wp\/v2\/media\/60663"}],"wp:attachment":[{"href":"https:\/\/modelkars.com\/fr\/wp-json\/wp\/v2\/media?parent=56287"}],"wp:term":[{"taxonomy":"product_brand","embeddable":true,"href":"https:\/\/modelkars.com\/fr\/wp-json\/wp\/v2\/product_brand?post=56287"},{"taxonomy":"product_cat","embeddable":true,"href":"https:\/\/modelkars.com\/fr\/wp-json\/wp\/v2\/product_cat?post=56287"},{"taxonomy":"product_tag","embeddable":true,"href":"https:\/\/modelkars.com\/fr\/wp-json\/wp\/v2\/product_tag?post=56287"}],"curies":[{"name":"wp","href":"https:\/\/api.w.org\/{rel}","templated":true}]}}