{"id":56286,"date":"2025-01-13T00:00:01","date_gmt":"2025-01-12T23:00:01","guid":{"rendered":"https:\/\/modelkars.com\/?post_type=product&#038;p=56286"},"modified":"2025-12-02T00:00:26","modified_gmt":"2025-12-01T23:00:26","slug":"gt915-aston-martin-valkyrie-bleu-clair","status":"publish","type":"product","link":"https:\/\/modelkars.com\/fr\/shop\/gt-spirit\/gt915-aston-martin-valkyrie-bleu-clair\/","title":{"rendered":"Aston Martin Valkyrie"},"content":{"rendered":"","protected":false},"excerpt":{"rendered":"<p>Cette voiture miniature \u00e0 l&rsquo;\u00e9chelle 1:18\u00e8me reproduit l&rsquo;Aston Martin Valkyrie dans un coloris bleu clair. Fabriqu\u00e9 par GT Spirit, ce mod\u00e8le r\u00e9duit est r\u00e9alis\u00e9 en r\u00e9sine. L&rsquo;Aston Martin Valkyrie est un chef-d&rsquo;\u0153uvre de l&rsquo;ing\u00e9nierie automobile moderne, con\u00e7ue en collaboration avec Red Bull Racing.<\/p>\n","protected":false},"featured_media":64931,"template":"","meta":{"_seopress_robots_primary_cat":"","_seopress_titles_title":"","_seopress_titles_desc":"","_seopress_robots_index":""},"product_brand":[],"product_cat":[71],"product_tag":[570,84,93,92,85],"class_list":{"0":"post-56286","1":"product","2":"type-product","3":"status-publish","4":"has-post-thumbnail","6":"product_cat-gt-spirit","7":"product_tag-decembre-2024","8":"product_tag-echelle-118","9":"product_tag-edition-limitee","10":"product_tag-resine","11":"product_tag-sans-ouvrants","13":"first","14":"instock","15":"taxable","16":"shipping-taxable","17":"purchasable","18":"product-type-simple"},"_links":{"self":[{"href":"https:\/\/modelkars.com\/fr\/wp-json\/wp\/v2\/product\/56286","targetHints":{"allow":["GET"]}}],"collection":[{"href":"https:\/\/modelkars.com\/fr\/wp-json\/wp\/v2\/product"}],"about":[{"href":"https:\/\/modelkars.com\/fr\/wp-json\/wp\/v2\/types\/product"}],"wp:featuredmedia":[{"embeddable":true,"href":"https:\/\/modelkars.com\/fr\/wp-json\/wp\/v2\/media\/64931"}],"wp:attachment":[{"href":"https:\/\/modelkars.com\/fr\/wp-json\/wp\/v2\/media?parent=56286"}],"wp:term":[{"taxonomy":"product_brand","embeddable":true,"href":"https:\/\/modelkars.com\/fr\/wp-json\/wp\/v2\/product_brand?post=56286"},{"taxonomy":"product_cat","embeddable":true,"href":"https:\/\/modelkars.com\/fr\/wp-json\/wp\/v2\/product_cat?post=56286"},{"taxonomy":"product_tag","embeddable":true,"href":"https:\/\/modelkars.com\/fr\/wp-json\/wp\/v2\/product_tag?post=56286"}],"curies":[{"name":"wp","href":"https:\/\/api.w.org\/{rel}","templated":true}]}}