{"id":56232,"date":"2025-07-28T00:00:01","date_gmt":"2025-07-27T22:00:01","guid":{"rendered":"https:\/\/modelkars.com\/?post_type=product&#038;p=56232"},"modified":"2025-12-01T01:52:06","modified_gmt":"2025-12-01T00:52:06","slug":"bbr241816cdie-ferrari-sf24-charles-leclerc-gp-monaco-2024","status":"publish","type":"product","link":"https:\/\/modelkars.com\/fr\/shop\/bbr\/bbr241816cdie-ferrari-sf24-charles-leclerc-gp-monaco-2024\/","title":{"rendered":"Ferrari SF24 (Charles Leclerc GP Monaco 2024)"},"content":{"rendered":"","protected":false},"excerpt":{"rendered":"<p>Cette voiture miniature \u00e0 l&rsquo;\u00e9chelle 1:18 reproduit la Ferrari SF24 pilot\u00e9e par Charles Leclerc lors du GP de Monaco 2024. Fabriqu\u00e9e par BBR en m\u00e9tal, cette miniature est produite en s\u00e9rie limit\u00e9e et est livr\u00e9e avec un socle et une vitrine. La victoire de Charles Leclerc au GP de Monaco 2024, la huiti\u00e8me manche du championnat du monde de Formule 1, marque sa premi\u00e8re victoire sur son circuit natal.<\/p>\n","protected":false},"featured_media":70597,"template":"","meta":{"_seopress_robots_primary_cat":"","_seopress_titles_title":"","_seopress_titles_desc":"","_seopress_robots_index":""},"product_brand":[],"product_cat":[315],"product_tag":[84,93,89,85,86,323],"class_list":{"0":"post-56232","1":"product","2":"type-product","3":"status-publish","4":"has-post-thumbnail","6":"product_cat-bbr","7":"product_tag-echelle-118","8":"product_tag-edition-limitee","9":"product_tag-metal","10":"product_tag-sans-ouvrants","11":"product_tag-socle-inclus","12":"product_tag-vitrine-incluse","14":"first","15":"outofstock","16":"taxable","17":"shipping-taxable","18":"purchasable","19":"product-type-simple"},"_links":{"self":[{"href":"https:\/\/modelkars.com\/fr\/wp-json\/wp\/v2\/product\/56232","targetHints":{"allow":["GET"]}}],"collection":[{"href":"https:\/\/modelkars.com\/fr\/wp-json\/wp\/v2\/product"}],"about":[{"href":"https:\/\/modelkars.com\/fr\/wp-json\/wp\/v2\/types\/product"}],"wp:featuredmedia":[{"embeddable":true,"href":"https:\/\/modelkars.com\/fr\/wp-json\/wp\/v2\/media\/70597"}],"wp:attachment":[{"href":"https:\/\/modelkars.com\/fr\/wp-json\/wp\/v2\/media?parent=56232"}],"wp:term":[{"taxonomy":"product_brand","embeddable":true,"href":"https:\/\/modelkars.com\/fr\/wp-json\/wp\/v2\/product_brand?post=56232"},{"taxonomy":"product_cat","embeddable":true,"href":"https:\/\/modelkars.com\/fr\/wp-json\/wp\/v2\/product_cat?post=56232"},{"taxonomy":"product_tag","embeddable":true,"href":"https:\/\/modelkars.com\/fr\/wp-json\/wp\/v2\/product_tag?post=56232"}],"curies":[{"name":"wp","href":"https:\/\/api.w.org\/{rel}","templated":true}]}}