{"id":56231,"date":"2026-02-23T00:00:01","date_gmt":"2026-02-22T23:00:01","guid":{"rendered":"https:\/\/modelkars.com\/?post_type=product&#038;p=56231"},"modified":"2026-02-23T13:26:00","modified_gmt":"2026-02-23T12:26:00","slug":"bbr182237die-ferrari-laferrari-violet-dubai-viola-vio","status":"publish","type":"product","link":"https:\/\/modelkars.com\/fr\/shop\/bbr\/bbr182237die-ferrari-laferrari-violet-dubai-viola-vio\/","title":{"rendered":"Ferrari LaFerrari"},"content":{"rendered":"","protected":false},"excerpt":{"rendered":"<p>Cette voiture miniature \u00e0 l&rsquo;\u00e9chelle 1:18 reproduit la Ferrari LaFerrari dans un coloris violet Dubai Viola Vio. Fabriqu\u00e9e par BBR en m\u00e9tal, cette miniature est produite en s\u00e9rie limit\u00e9e, poss\u00e8de des ouvrants et est livr\u00e9e avec un socle et une vitrine. La base en simili-cuir est cousue \u00e0 la main et la vitrine est fabriqu\u00e9e en Italie. La Ferrari LaFerrari est connue pour \u00eatre la premi\u00e8re supercar hybride de Ferrari.<\/p>\n","protected":false},"featured_media":58978,"template":"","meta":{"_seopress_robots_primary_cat":"","_seopress_titles_title":"","_seopress_titles_desc":"","_seopress_robots_index":""},"product_brand":[],"product_cat":[315],"product_tag":[117,84,93,89,86,323],"class_list":{"0":"post-56231","1":"product","2":"type-product","3":"status-publish","4":"has-post-thumbnail","6":"product_cat-bbr","7":"product_tag-avec-ouvrants","8":"product_tag-echelle-118","9":"product_tag-edition-limitee","10":"product_tag-metal","11":"product_tag-socle-inclus","12":"product_tag-vitrine-incluse","14":"first","15":"outofstock","16":"taxable","17":"shipping-taxable","18":"purchasable","19":"product-type-simple"},"_links":{"self":[{"href":"https:\/\/modelkars.com\/fr\/wp-json\/wp\/v2\/product\/56231","targetHints":{"allow":["GET"]}}],"collection":[{"href":"https:\/\/modelkars.com\/fr\/wp-json\/wp\/v2\/product"}],"about":[{"href":"https:\/\/modelkars.com\/fr\/wp-json\/wp\/v2\/types\/product"}],"wp:featuredmedia":[{"embeddable":true,"href":"https:\/\/modelkars.com\/fr\/wp-json\/wp\/v2\/media\/58978"}],"wp:attachment":[{"href":"https:\/\/modelkars.com\/fr\/wp-json\/wp\/v2\/media?parent=56231"}],"wp:term":[{"taxonomy":"product_brand","embeddable":true,"href":"https:\/\/modelkars.com\/fr\/wp-json\/wp\/v2\/product_brand?post=56231"},{"taxonomy":"product_cat","embeddable":true,"href":"https:\/\/modelkars.com\/fr\/wp-json\/wp\/v2\/product_cat?post=56231"},{"taxonomy":"product_tag","embeddable":true,"href":"https:\/\/modelkars.com\/fr\/wp-json\/wp\/v2\/product_tag?post=56231"}],"curies":[{"name":"wp","href":"https:\/\/api.w.org\/{rel}","templated":true}]}}