{"id":55963,"date":"2024-06-19T18:54:00","date_gmt":"2024-06-19T16:54:00","guid":{"rendered":"https:\/\/modelkars.com\/?post_type=product&#038;p=55963"},"modified":"2025-12-01T01:53:06","modified_gmt":"2025-12-01T00:53:06","slug":"p18252c-ferrari-499p-83-le-mans-2024-jaune-kubica-yifei-svarcman","status":"publish","type":"product","link":"https:\/\/modelkars.com\/fr\/shop\/bbr\/p18252c-ferrari-499p-83-le-mans-2024-jaune-kubica-yifei-svarcman\/","title":{"rendered":"Ferrari 499P AF Corse #83 (Le Mans 2024)"},"content":{"rendered":"","protected":false},"excerpt":{"rendered":"<p>D\u00e9couvrez la Ferrari 499P \u00e0 l&rsquo;\u00e9chelle 1:18, qui a couru aux 24 Heures du Mans 2024. Ce mod\u00e8le en r\u00e9sine, fabriqu\u00e9 par BBR, se distingue par sa couleur jaune caract\u00e9ristique de la Ferrari AF Corse num\u00e9ro 83 pilot\u00e9e par Robert Kubica, Robert Shwartzman et Yifei Ye. En s\u00e9rie limit\u00e9e, il est livr\u00e9 avec son socle et une vitrine. Une pi\u00e8ce de collection exceptionnelle pour les passionn\u00e9s de Ferrari en Hypercar.<\/p>\n","protected":false},"featured_media":59028,"template":"","meta":{"_seopress_robots_primary_cat":"","_seopress_titles_title":"","_seopress_titles_desc":"","_seopress_robots_index":""},"product_brand":[],"product_cat":[315,163],"product_tag":[84,93,92,85,86,323],"class_list":{"0":"post-55963","1":"product","2":"type-product","3":"status-publish","4":"has-post-thumbnail","6":"product_cat-bbr","7":"product_cat-precommandes","8":"product_tag-echelle-118","9":"product_tag-edition-limitee","10":"product_tag-resine","11":"product_tag-sans-ouvrants","12":"product_tag-socle-inclus","13":"product_tag-vitrine-incluse","15":"first","16":"outofstock","17":"taxable","18":"shipping-taxable","19":"purchasable","20":"product-type-simple"},"_links":{"self":[{"href":"https:\/\/modelkars.com\/fr\/wp-json\/wp\/v2\/product\/55963","targetHints":{"allow":["GET"]}}],"collection":[{"href":"https:\/\/modelkars.com\/fr\/wp-json\/wp\/v2\/product"}],"about":[{"href":"https:\/\/modelkars.com\/fr\/wp-json\/wp\/v2\/types\/product"}],"wp:featuredmedia":[{"embeddable":true,"href":"https:\/\/modelkars.com\/fr\/wp-json\/wp\/v2\/media\/59028"}],"wp:attachment":[{"href":"https:\/\/modelkars.com\/fr\/wp-json\/wp\/v2\/media?parent=55963"}],"wp:term":[{"taxonomy":"product_brand","embeddable":true,"href":"https:\/\/modelkars.com\/fr\/wp-json\/wp\/v2\/product_brand?post=55963"},{"taxonomy":"product_cat","embeddable":true,"href":"https:\/\/modelkars.com\/fr\/wp-json\/wp\/v2\/product_cat?post=55963"},{"taxonomy":"product_tag","embeddable":true,"href":"https:\/\/modelkars.com\/fr\/wp-json\/wp\/v2\/product_tag?post=55963"}],"curies":[{"name":"wp","href":"https:\/\/api.w.org\/{rel}","templated":true}]}}