{"id":55553,"date":"2024-06-04T22:02:02","date_gmt":"2024-06-04T20:02:02","guid":{"rendered":"https:\/\/modelkars.com\/?post_type=product&#038;p=55553"},"modified":"2025-12-01T01:53:07","modified_gmt":"2025-12-01T00:53:07","slug":"bb3182230die-ferrari-laferrari-aperta-jaune-tristrato","status":"publish","type":"product","link":"https:\/\/modelkars.com\/fr\/shop\/bbr\/bb3182230die-ferrari-laferrari-aperta-jaune-tristrato\/","title":{"rendered":"Ferrari LaFerrari Aperta"},"content":{"rendered":"","protected":false},"excerpt":{"rendered":"<p>D\u00e9couvrez la Ferrari LaFerrari Aperta \u00e0 l&rsquo;\u00e9chelle 1:18, une \u0153uvre d&rsquo;art en m\u00e9tal produite par BBR. Cette version en jaune Tristrato, limit\u00e9e \u00e0 60 exemplaires, est pr\u00e9sent\u00e9e sur un socle haut de gamme et poss\u00e8de des ouvrants. La LaFerrari Aperta est une c\u00e9l\u00e9bration de l&rsquo;ing\u00e9nierie et du design exceptionnels de Ferrari.<\/p>\n","protected":false},"featured_media":55558,"template":"","meta":{"_seopress_robots_primary_cat":"","_seopress_titles_title":"","_seopress_titles_desc":"","_seopress_robots_index":""},"product_brand":[],"product_cat":[315],"product_tag":[117,84,93,89,86],"class_list":{"0":"post-55553","1":"product","2":"type-product","3":"status-publish","4":"has-post-thumbnail","6":"product_cat-bbr","7":"product_tag-avec-ouvrants","8":"product_tag-echelle-118","9":"product_tag-edition-limitee","10":"product_tag-metal","11":"product_tag-socle-inclus","13":"first","14":"outofstock","15":"taxable","16":"shipping-taxable","17":"purchasable","18":"product-type-simple"},"_links":{"self":[{"href":"https:\/\/modelkars.com\/fr\/wp-json\/wp\/v2\/product\/55553","targetHints":{"allow":["GET"]}}],"collection":[{"href":"https:\/\/modelkars.com\/fr\/wp-json\/wp\/v2\/product"}],"about":[{"href":"https:\/\/modelkars.com\/fr\/wp-json\/wp\/v2\/types\/product"}],"wp:featuredmedia":[{"embeddable":true,"href":"https:\/\/modelkars.com\/fr\/wp-json\/wp\/v2\/media\/55558"}],"wp:attachment":[{"href":"https:\/\/modelkars.com\/fr\/wp-json\/wp\/v2\/media?parent=55553"}],"wp:term":[{"taxonomy":"product_brand","embeddable":true,"href":"https:\/\/modelkars.com\/fr\/wp-json\/wp\/v2\/product_brand?post=55553"},{"taxonomy":"product_cat","embeddable":true,"href":"https:\/\/modelkars.com\/fr\/wp-json\/wp\/v2\/product_cat?post=55553"},{"taxonomy":"product_tag","embeddable":true,"href":"https:\/\/modelkars.com\/fr\/wp-json\/wp\/v2\/product_tag?post=55553"}],"curies":[{"name":"wp","href":"https:\/\/api.w.org\/{rel}","templated":true}]}}