{"id":55046,"date":"2024-11-18T16:04:07","date_gmt":"2024-11-18T15:04:07","guid":{"rendered":"https:\/\/modelkars.com\/?post_type=product&#038;p=55046"},"modified":"2025-12-01T01:52:49","modified_gmt":"2025-12-01T00:52:49","slug":"lcd18014gr-mclaren-f1-xp-5-vert","status":"publish","type":"product","link":"https:\/\/modelkars.com\/fr\/shop\/lcd\/lcd18014gr-mclaren-f1-xp-5-vert\/","title":{"rendered":"McLaren F1 XP-5"},"content":{"rendered":"","protected":false},"excerpt":{"rendered":"<p>La McLaren F1 XP-5 \u00e0 l&rsquo;\u00e9chelle 1:18, fabriqu\u00e9e par LCD, se distingue par son audacieux coloris vert. En m\u00e9tal de haute qualit\u00e9, cette s\u00e9rie limit\u00e9e offre des ouvrants pour une exp\u00e9rience immersive. Avec son design embl\u00e9matique, cette miniature c\u00e9l\u00e8bre l&rsquo;excellence et l&rsquo;innovation de McLaren.<\/p>\n","protected":false},"featured_media":55411,"template":"","meta":{"_seopress_robots_primary_cat":"","_seopress_titles_title":"","_seopress_titles_desc":"","_seopress_robots_index":""},"product_brand":[],"product_cat":[389],"product_tag":[117,84,93,89],"class_list":{"0":"post-55046","1":"product","2":"type-product","3":"status-publish","4":"has-post-thumbnail","6":"product_cat-lcd","7":"product_tag-avec-ouvrants","8":"product_tag-echelle-118","9":"product_tag-edition-limitee","10":"product_tag-metal","12":"first","13":"outofstock","14":"taxable","15":"shipping-taxable","16":"purchasable","17":"product-type-simple"},"_links":{"self":[{"href":"https:\/\/modelkars.com\/fr\/wp-json\/wp\/v2\/product\/55046","targetHints":{"allow":["GET"]}}],"collection":[{"href":"https:\/\/modelkars.com\/fr\/wp-json\/wp\/v2\/product"}],"about":[{"href":"https:\/\/modelkars.com\/fr\/wp-json\/wp\/v2\/types\/product"}],"wp:featuredmedia":[{"embeddable":true,"href":"https:\/\/modelkars.com\/fr\/wp-json\/wp\/v2\/media\/55411"}],"wp:attachment":[{"href":"https:\/\/modelkars.com\/fr\/wp-json\/wp\/v2\/media?parent=55046"}],"wp:term":[{"taxonomy":"product_brand","embeddable":true,"href":"https:\/\/modelkars.com\/fr\/wp-json\/wp\/v2\/product_brand?post=55046"},{"taxonomy":"product_cat","embeddable":true,"href":"https:\/\/modelkars.com\/fr\/wp-json\/wp\/v2\/product_cat?post=55046"},{"taxonomy":"product_tag","embeddable":true,"href":"https:\/\/modelkars.com\/fr\/wp-json\/wp\/v2\/product_tag?post=55046"}],"curies":[{"name":"wp","href":"https:\/\/api.w.org\/{rel}","templated":true}]}}