{"id":55040,"date":"2024-11-23T16:04:06","date_gmt":"2024-11-23T15:04:06","guid":{"rendered":"https:\/\/modelkars.com\/?post_type=product&#038;p=55040"},"modified":"2025-12-01T01:52:46","modified_gmt":"2025-12-01T00:52:46","slug":"77923-porsche-918-spyder-weissach-package-liquid-metal-chrome-blue","status":"publish","type":"product","link":"https:\/\/modelkars.com\/fr\/shop\/autoart\/77923-porsche-918-spyder-weissach-package-liquid-metal-chrome-blue\/","title":{"rendered":"Porsche 918 Spyder Weissach Package"},"content":{"rendered":"","protected":false},"excerpt":{"rendered":"<p>Cette Porsche 918 Spyder Weissach Package \u00e0 l&rsquo;\u00e9chelle 1:18 se distingue par sa teinte Liquid Metal Chrome Blue. Fabriqu\u00e9e par AUTOart en composite, cette r\u00e9plique en s\u00e9rie limit\u00e9e est un hommage \u00e0 l&rsquo;innovation et au design de Porsche. Avec des ouvrants, elle offre une exp\u00e9rience immersive pour les amateurs de voitures miniatures.<\/p>\n","protected":false},"featured_media":57197,"template":"","meta":{"_seopress_robots_primary_cat":"","_seopress_titles_title":"","_seopress_titles_desc":"","_seopress_robots_index":""},"product_brand":[],"product_cat":[118],"product_tag":[117,119,84,93],"class_list":{"0":"post-55040","1":"product","2":"type-product","3":"status-publish","4":"has-post-thumbnail","6":"product_cat-autoart","7":"product_tag-avec-ouvrants","8":"product_tag-composite","9":"product_tag-echelle-118","10":"product_tag-edition-limitee","12":"first","13":"outofstock","14":"taxable","15":"shipping-taxable","16":"purchasable","17":"product-type-simple"},"_links":{"self":[{"href":"https:\/\/modelkars.com\/fr\/wp-json\/wp\/v2\/product\/55040","targetHints":{"allow":["GET"]}}],"collection":[{"href":"https:\/\/modelkars.com\/fr\/wp-json\/wp\/v2\/product"}],"about":[{"href":"https:\/\/modelkars.com\/fr\/wp-json\/wp\/v2\/types\/product"}],"wp:featuredmedia":[{"embeddable":true,"href":"https:\/\/modelkars.com\/fr\/wp-json\/wp\/v2\/media\/57197"}],"wp:attachment":[{"href":"https:\/\/modelkars.com\/fr\/wp-json\/wp\/v2\/media?parent=55040"}],"wp:term":[{"taxonomy":"product_brand","embeddable":true,"href":"https:\/\/modelkars.com\/fr\/wp-json\/wp\/v2\/product_brand?post=55040"},{"taxonomy":"product_cat","embeddable":true,"href":"https:\/\/modelkars.com\/fr\/wp-json\/wp\/v2\/product_cat?post=55040"},{"taxonomy":"product_tag","embeddable":true,"href":"https:\/\/modelkars.com\/fr\/wp-json\/wp\/v2\/product_tag?post=55040"}],"curies":[{"name":"wp","href":"https:\/\/api.w.org\/{rel}","templated":true}]}}