{"id":55039,"date":"2024-12-10T00:00:01","date_gmt":"2024-12-09T23:00:01","guid":{"rendered":"https:\/\/modelkars.com\/?post_type=product&#038;p=55039"},"modified":"2025-12-01T01:52:46","modified_gmt":"2025-12-01T00:52:46","slug":"77922-porsche-918-spyder-weissach-package-liquid-metal-silver","status":"publish","type":"product","link":"https:\/\/modelkars.com\/fr\/shop\/autoart\/77922-porsche-918-spyder-weissach-package-liquid-metal-silver\/","title":{"rendered":"Porsche 918 Spyder Weissach Package"},"content":{"rendered":"","protected":false},"excerpt":{"rendered":"<p>Cette Porsche 918 Spyder Weissach Package \u00e0 l&rsquo;\u00e9chelle 1:18 brille dans une teinte Liquid Metal Silver. Fabriqu\u00e9e par AUTOart en composite de haute qualit\u00e9, cette r\u00e9plique en s\u00e9rie limit\u00e9e capture l&rsquo;\u00e9l\u00e9gance et la performance de la Porsche 918. Avec des ouvrants, elle permet une exploration d\u00e9taill\u00e9e de chaque aspect de ce chef-d&rsquo;\u0153uvre automobile.<\/p>\n","protected":false},"featured_media":57109,"template":"","meta":{"_seopress_robots_primary_cat":"","_seopress_titles_title":"","_seopress_titles_desc":"","_seopress_robots_index":""},"product_brand":[],"product_cat":[118],"product_tag":[117,119,84,93],"class_list":{"0":"post-55039","1":"product","2":"type-product","3":"status-publish","4":"has-post-thumbnail","6":"product_cat-autoart","7":"product_tag-avec-ouvrants","8":"product_tag-composite","9":"product_tag-echelle-118","10":"product_tag-edition-limitee","12":"first","13":"outofstock","14":"taxable","15":"shipping-taxable","16":"purchasable","17":"product-type-simple"},"_links":{"self":[{"href":"https:\/\/modelkars.com\/fr\/wp-json\/wp\/v2\/product\/55039","targetHints":{"allow":["GET"]}}],"collection":[{"href":"https:\/\/modelkars.com\/fr\/wp-json\/wp\/v2\/product"}],"about":[{"href":"https:\/\/modelkars.com\/fr\/wp-json\/wp\/v2\/types\/product"}],"wp:featuredmedia":[{"embeddable":true,"href":"https:\/\/modelkars.com\/fr\/wp-json\/wp\/v2\/media\/57109"}],"wp:attachment":[{"href":"https:\/\/modelkars.com\/fr\/wp-json\/wp\/v2\/media?parent=55039"}],"wp:term":[{"taxonomy":"product_brand","embeddable":true,"href":"https:\/\/modelkars.com\/fr\/wp-json\/wp\/v2\/product_brand?post=55039"},{"taxonomy":"product_cat","embeddable":true,"href":"https:\/\/modelkars.com\/fr\/wp-json\/wp\/v2\/product_cat?post=55039"},{"taxonomy":"product_tag","embeddable":true,"href":"https:\/\/modelkars.com\/fr\/wp-json\/wp\/v2\/product_tag?post=55039"}],"curies":[{"name":"wp","href":"https:\/\/api.w.org\/{rel}","templated":true}]}}