{"id":55037,"date":"2024-12-10T00:00:01","date_gmt":"2024-12-09T23:00:01","guid":{"rendered":"https:\/\/modelkars.com\/?post_type=product&#038;p=55037"},"modified":"2025-12-02T00:00:26","modified_gmt":"2025-12-01T23:00:26","slug":"77920-porsche-918-spyder-weissach-package-blanc-interieur-rouge","status":"publish","type":"product","link":"https:\/\/modelkars.com\/fr\/shop\/autoart\/77920-porsche-918-spyder-weissach-package-blanc-interieur-rouge\/","title":{"rendered":"Porsche 918 Spyder Weissach Package"},"content":{"rendered":"","protected":false},"excerpt":{"rendered":"<p>Cette Porsche 918 Spyder Weissach Package \u00e0 l&rsquo;\u00e9chelle 1:18 reproduit le mod\u00e8le dans un \u00e9l\u00e9gant coloris blanc avec int\u00e9rieur rouge. Fabriqu\u00e9e par AUTOart en composite de haute qualit\u00e9, cette miniature en s\u00e9rie limit\u00e9e est un v\u00e9ritable joyau pour les collectionneurs. Profitez de l&rsquo;ouverture des portes pour explorer les d\u00e9tails de cette ic\u00f4ne de l&rsquo;automobile.<\/p>\n","protected":false},"featured_media":56921,"template":"","meta":{"_seopress_robots_primary_cat":"","_seopress_titles_title":"","_seopress_titles_desc":"","_seopress_robots_index":""},"product_brand":[],"product_cat":[118],"product_tag":[117,119,84,93],"class_list":{"0":"post-55037","1":"product","2":"type-product","3":"status-publish","4":"has-post-thumbnail","6":"product_cat-autoart","7":"product_tag-avec-ouvrants","8":"product_tag-composite","9":"product_tag-echelle-118","10":"product_tag-edition-limitee","12":"first","13":"instock","14":"taxable","15":"shipping-taxable","16":"purchasable","17":"product-type-simple"},"_links":{"self":[{"href":"https:\/\/modelkars.com\/fr\/wp-json\/wp\/v2\/product\/55037","targetHints":{"allow":["GET"]}}],"collection":[{"href":"https:\/\/modelkars.com\/fr\/wp-json\/wp\/v2\/product"}],"about":[{"href":"https:\/\/modelkars.com\/fr\/wp-json\/wp\/v2\/types\/product"}],"wp:featuredmedia":[{"embeddable":true,"href":"https:\/\/modelkars.com\/fr\/wp-json\/wp\/v2\/media\/56921"}],"wp:attachment":[{"href":"https:\/\/modelkars.com\/fr\/wp-json\/wp\/v2\/media?parent=55037"}],"wp:term":[{"taxonomy":"product_brand","embeddable":true,"href":"https:\/\/modelkars.com\/fr\/wp-json\/wp\/v2\/product_brand?post=55037"},{"taxonomy":"product_cat","embeddable":true,"href":"https:\/\/modelkars.com\/fr\/wp-json\/wp\/v2\/product_cat?post=55037"},{"taxonomy":"product_tag","embeddable":true,"href":"https:\/\/modelkars.com\/fr\/wp-json\/wp\/v2\/product_tag?post=55037"}],"curies":[{"name":"wp","href":"https:\/\/api.w.org\/{rel}","templated":true}]}}