{"id":54620,"date":"2025-12-12T00:00:01","date_gmt":"2025-12-11T23:00:01","guid":{"rendered":"https:\/\/modelkars.com\/?post_type=product&#038;p=54620"},"modified":"2025-12-16T18:38:30","modified_gmt":"2025-12-16T17:38:30","slug":"fe044se-ferrari-12-cilindri-spider-rouge-dino","status":"publish","type":"product","link":"https:\/\/modelkars.com\/fr\/shop\/mr-collection\/fe044se-ferrari-12-cilindri-spider-rouge-dino\/","title":{"rendered":"Ferrari 12Cilindri Spider"},"content":{"rendered":"","protected":false},"excerpt":{"rendered":"<p>Plongez dans le luxe avec la Ferrari 12 Cilindri Spider en miniature \u00e0 l&rsquo;\u00e9chelle 1:18, dans un rouge Dino captivant. Cette \u00e9dition limit\u00e9e par MR Collection offre une pr\u00e9sentation raffin\u00e9e avec son socle et sa vitrine.<\/p>\n","protected":false},"featured_media":77679,"template":"","meta":{"_seopress_robots_primary_cat":"","_seopress_titles_title":"","_seopress_titles_desc":"","_seopress_robots_index":""},"product_brand":[],"product_cat":[95],"product_tag":[84,93,92,85,86,323],"class_list":{"0":"post-54620","1":"product","2":"type-product","3":"status-publish","4":"has-post-thumbnail","6":"product_cat-mr-collection","7":"product_tag-echelle-118","8":"product_tag-edition-limitee","9":"product_tag-resine","10":"product_tag-sans-ouvrants","11":"product_tag-socle-inclus","12":"product_tag-vitrine-incluse","14":"first","15":"instock","16":"taxable","17":"shipping-taxable","18":"purchasable","19":"product-type-simple"},"_links":{"self":[{"href":"https:\/\/modelkars.com\/fr\/wp-json\/wp\/v2\/product\/54620","targetHints":{"allow":["GET"]}}],"collection":[{"href":"https:\/\/modelkars.com\/fr\/wp-json\/wp\/v2\/product"}],"about":[{"href":"https:\/\/modelkars.com\/fr\/wp-json\/wp\/v2\/types\/product"}],"wp:featuredmedia":[{"embeddable":true,"href":"https:\/\/modelkars.com\/fr\/wp-json\/wp\/v2\/media\/77679"}],"wp:attachment":[{"href":"https:\/\/modelkars.com\/fr\/wp-json\/wp\/v2\/media?parent=54620"}],"wp:term":[{"taxonomy":"product_brand","embeddable":true,"href":"https:\/\/modelkars.com\/fr\/wp-json\/wp\/v2\/product_brand?post=54620"},{"taxonomy":"product_cat","embeddable":true,"href":"https:\/\/modelkars.com\/fr\/wp-json\/wp\/v2\/product_cat?post=54620"},{"taxonomy":"product_tag","embeddable":true,"href":"https:\/\/modelkars.com\/fr\/wp-json\/wp\/v2\/product_tag?post=54620"}],"curies":[{"name":"wp","href":"https:\/\/api.w.org\/{rel}","templated":true}]}}