{"id":54610,"date":"2025-06-25T00:00:01","date_gmt":"2025-06-24T22:00:01","guid":{"rendered":"https:\/\/modelkars.com\/?post_type=product&#038;p=54610"},"modified":"2025-12-01T01:52:14","modified_gmt":"2025-12-01T00:52:14","slug":"fe043g-ferrari-12-cilindri-bleu-corsa","status":"publish","type":"product","link":"https:\/\/modelkars.com\/fr\/shop\/mr-collection\/fe043g-ferrari-12-cilindri-bleu-corsa\/","title":{"rendered":"Ferrari 12Cilindri"},"content":{"rendered":"","protected":false},"excerpt":{"rendered":"<p>Plongez dans l&rsquo;univers de Ferrari avec la Ferrari 12 Cilindri en miniature \u00e0 l&rsquo;\u00e9chelle 1:18, arborant une finition bleu Corsa. Cette s\u00e9rie limit\u00e9e par MR Collection, comprenant un socle et une vitrine, capture l&rsquo;esprit sportif et l&rsquo;\u00e9l\u00e9gance intemporelle qui caract\u00e9risent la marque au cheval cabr\u00e9.<\/p>\n","protected":false},"featured_media":69109,"template":"","meta":{"_seopress_robots_primary_cat":"","_seopress_titles_title":"","_seopress_titles_desc":"","_seopress_robots_index":""},"product_brand":[],"product_cat":[95],"product_tag":[84,93,92,85,86,323],"class_list":{"0":"post-54610","1":"product","2":"type-product","3":"status-publish","4":"has-post-thumbnail","6":"product_cat-mr-collection","7":"product_tag-echelle-118","8":"product_tag-edition-limitee","9":"product_tag-resine","10":"product_tag-sans-ouvrants","11":"product_tag-socle-inclus","12":"product_tag-vitrine-incluse","14":"first","15":"outofstock","16":"taxable","17":"shipping-taxable","18":"purchasable","19":"product-type-simple"},"_links":{"self":[{"href":"https:\/\/modelkars.com\/fr\/wp-json\/wp\/v2\/product\/54610","targetHints":{"allow":["GET"]}}],"collection":[{"href":"https:\/\/modelkars.com\/fr\/wp-json\/wp\/v2\/product"}],"about":[{"href":"https:\/\/modelkars.com\/fr\/wp-json\/wp\/v2\/types\/product"}],"wp:featuredmedia":[{"embeddable":true,"href":"https:\/\/modelkars.com\/fr\/wp-json\/wp\/v2\/media\/69109"}],"wp:attachment":[{"href":"https:\/\/modelkars.com\/fr\/wp-json\/wp\/v2\/media?parent=54610"}],"wp:term":[{"taxonomy":"product_brand","embeddable":true,"href":"https:\/\/modelkars.com\/fr\/wp-json\/wp\/v2\/product_brand?post=54610"},{"taxonomy":"product_cat","embeddable":true,"href":"https:\/\/modelkars.com\/fr\/wp-json\/wp\/v2\/product_cat?post=54610"},{"taxonomy":"product_tag","embeddable":true,"href":"https:\/\/modelkars.com\/fr\/wp-json\/wp\/v2\/product_tag?post=54610"}],"curies":[{"name":"wp","href":"https:\/\/api.w.org\/{rel}","templated":true}]}}