{"id":54601,"date":"2025-06-16T00:00:01","date_gmt":"2025-06-15T22:00:01","guid":{"rendered":"https:\/\/modelkars.com\/?post_type=product&#038;p=54601"},"modified":"2025-12-01T01:52:17","modified_gmt":"2025-12-01T00:52:17","slug":"p18241-alfa-romeo-33-stradale-rouge-villa-deste","status":"publish","type":"product","link":"https:\/\/modelkars.com\/fr\/shop\/bbr\/p18241-alfa-romeo-33-stradale-rouge-villa-deste\/","title":{"rendered":"Alfa Romeo 33 Stradale"},"content":{"rendered":"","protected":false},"excerpt":{"rendered":"<p>La l\u00e9gendaire Alfa Romeo 33 Stradale en miniature \u00e0 l&rsquo;\u00e9chelle 1:18, dans une \u00e9l\u00e9gante teinte rouge Villa d&rsquo;Este. Cette s\u00e9rie limit\u00e9e \u00e0 330 exemplaires par BBR inclut un socle, c\u00e9l\u00e9brant l&rsquo;exclusivit\u00e9 et le design intemporel de la voiture originale.<\/p>\n","protected":false},"featured_media":66789,"template":"","meta":{"_seopress_robots_primary_cat":"","_seopress_titles_title":"","_seopress_titles_desc":"","_seopress_robots_index":""},"product_brand":[],"product_cat":[315],"product_tag":[84,93,92,85,86],"class_list":{"0":"post-54601","1":"product","2":"type-product","3":"status-publish","4":"has-post-thumbnail","6":"product_cat-bbr","7":"product_tag-echelle-118","8":"product_tag-edition-limitee","9":"product_tag-resine","10":"product_tag-sans-ouvrants","11":"product_tag-socle-inclus","13":"first","14":"outofstock","15":"taxable","16":"shipping-taxable","17":"purchasable","18":"product-type-simple"},"_links":{"self":[{"href":"https:\/\/modelkars.com\/fr\/wp-json\/wp\/v2\/product\/54601","targetHints":{"allow":["GET"]}}],"collection":[{"href":"https:\/\/modelkars.com\/fr\/wp-json\/wp\/v2\/product"}],"about":[{"href":"https:\/\/modelkars.com\/fr\/wp-json\/wp\/v2\/types\/product"}],"wp:featuredmedia":[{"embeddable":true,"href":"https:\/\/modelkars.com\/fr\/wp-json\/wp\/v2\/media\/66789"}],"wp:attachment":[{"href":"https:\/\/modelkars.com\/fr\/wp-json\/wp\/v2\/media?parent=54601"}],"wp:term":[{"taxonomy":"product_brand","embeddable":true,"href":"https:\/\/modelkars.com\/fr\/wp-json\/wp\/v2\/product_brand?post=54601"},{"taxonomy":"product_cat","embeddable":true,"href":"https:\/\/modelkars.com\/fr\/wp-json\/wp\/v2\/product_cat?post=54601"},{"taxonomy":"product_tag","embeddable":true,"href":"https:\/\/modelkars.com\/fr\/wp-json\/wp\/v2\/product_tag?post=54601"}],"curies":[{"name":"wp","href":"https:\/\/api.w.org\/{rel}","templated":true}]}}