{"id":54599,"date":"2025-03-20T00:00:01","date_gmt":"2025-03-19T23:00:01","guid":{"rendered":"https:\/\/modelkars.com\/?post_type=product&#038;p=54599"},"modified":"2025-12-02T00:00:23","modified_gmt":"2025-12-01T23:00:23","slug":"lambo057ter3-lamborghini-huracan-sterrato-sabbia-camouflage-sabbia","status":"publish","type":"product","link":"https:\/\/modelkars.com\/fr\/shop\/mr-collection\/lambo057ter3-lamborghini-huracan-sterrato-sabbia-camouflage-sabbia\/","title":{"rendered":"Lamborghini Huracan Sterrato \u00ab\u00a0Sabbia\u00a0\u00bb"},"content":{"rendered":"","protected":false},"excerpt":{"rendered":"<p>Dominez les terrains sablonneux avec cette Lamborghini Huracan Sterrato \u00ab Sabbia \u00bb miniature \u00e0 l&rsquo;\u00e9chelle 1:18. Fabriqu\u00e9e par MR Collection en r\u00e9sine de haute qualit\u00e9, cette r\u00e9plique reproduit fid\u00e8lement l&rsquo;allure pr\u00eate \u00e0 l&rsquo;aventure de la voiture originale, arborant un camouflage Sabbia saisissant. Ce mod\u00e8le en \u00e9dition limit\u00e9e (99 exemplaires) est livr\u00e9 avec un socle et une vitrine pour une pr\u00e9sentation parfaite.<\/p>\n","protected":false},"featured_media":65655,"template":"","meta":{"_seopress_robots_primary_cat":"","_seopress_titles_title":"","_seopress_titles_desc":"","_seopress_robots_index":""},"product_brand":[],"product_cat":[95],"product_tag":[84,93,92,85,86,323],"class_list":{"0":"post-54599","1":"product","2":"type-product","3":"status-publish","4":"has-post-thumbnail","6":"product_cat-mr-collection","7":"product_tag-echelle-118","8":"product_tag-edition-limitee","9":"product_tag-resine","10":"product_tag-sans-ouvrants","11":"product_tag-socle-inclus","12":"product_tag-vitrine-incluse","14":"first","15":"instock","16":"taxable","17":"shipping-taxable","18":"purchasable","19":"product-type-simple"},"_links":{"self":[{"href":"https:\/\/modelkars.com\/fr\/wp-json\/wp\/v2\/product\/54599","targetHints":{"allow":["GET"]}}],"collection":[{"href":"https:\/\/modelkars.com\/fr\/wp-json\/wp\/v2\/product"}],"about":[{"href":"https:\/\/modelkars.com\/fr\/wp-json\/wp\/v2\/types\/product"}],"wp:featuredmedia":[{"embeddable":true,"href":"https:\/\/modelkars.com\/fr\/wp-json\/wp\/v2\/media\/65655"}],"wp:attachment":[{"href":"https:\/\/modelkars.com\/fr\/wp-json\/wp\/v2\/media?parent=54599"}],"wp:term":[{"taxonomy":"product_brand","embeddable":true,"href":"https:\/\/modelkars.com\/fr\/wp-json\/wp\/v2\/product_brand?post=54599"},{"taxonomy":"product_cat","embeddable":true,"href":"https:\/\/modelkars.com\/fr\/wp-json\/wp\/v2\/product_cat?post=54599"},{"taxonomy":"product_tag","embeddable":true,"href":"https:\/\/modelkars.com\/fr\/wp-json\/wp\/v2\/product_tag?post=54599"}],"curies":[{"name":"wp","href":"https:\/\/api.w.org\/{rel}","templated":true}]}}