{"id":54596,"date":"2025-02-26T00:00:01","date_gmt":"2025-02-25T23:00:01","guid":{"rendered":"https:\/\/modelkars.com\/?post_type=product&#038;p=54596"},"modified":"2025-03-01T00:18:04","modified_gmt":"2025-02-28T23:18:04","slug":"lambo063-lamborghini-huracan-stj-bleu-eliadi","status":"publish","type":"product","link":"https:\/\/modelkars.com\/fr\/shop\/mr-collection\/lambo063-lamborghini-huracan-stj-bleu-eliadi\/","title":{"rendered":"Lamborghini Huracan STJ"},"content":{"rendered":"","protected":false},"excerpt":{"rendered":"<p>Cette voiture miniature \u00e0 l&rsquo;\u00e9chelle 1:18 reproduit fid\u00e8lement la Lamborghini Huracan STJ dans sa livr\u00e9e saisissante bleu Eliadi. Fabriqu\u00e9e par MR Collection en r\u00e9sine de haute qualit\u00e9, cette r\u00e9plique capture l&rsquo;essence de la supercar italienne, avec ses lignes agressives, son aileron arri\u00e8re imposant et ses jantes en alliage noir. Cette pi\u00e8ce de collection est livr\u00e9e avec un socle et une vitrine pour une pr\u00e9sentation optimale.<\/p>\n","protected":false},"featured_media":59244,"template":"","meta":{"_seopress_robots_primary_cat":"","_seopress_titles_title":"","_seopress_titles_desc":"","_seopress_robots_index":""},"product_brand":[],"product_cat":[95],"product_tag":[84,93,92,85,86,323],"class_list":{"0":"post-54596","1":"product","2":"type-product","3":"status-publish","4":"has-post-thumbnail","6":"product_cat-mr-collection","7":"product_tag-echelle-118","8":"product_tag-edition-limitee","9":"product_tag-resine","10":"product_tag-sans-ouvrants","11":"product_tag-socle-inclus","12":"product_tag-vitrine-incluse","14":"first","15":"outofstock","16":"taxable","17":"shipping-taxable","18":"purchasable","19":"product-type-simple"},"_links":{"self":[{"href":"https:\/\/modelkars.com\/fr\/wp-json\/wp\/v2\/product\/54596","targetHints":{"allow":["GET"]}}],"collection":[{"href":"https:\/\/modelkars.com\/fr\/wp-json\/wp\/v2\/product"}],"about":[{"href":"https:\/\/modelkars.com\/fr\/wp-json\/wp\/v2\/types\/product"}],"wp:featuredmedia":[{"embeddable":true,"href":"https:\/\/modelkars.com\/fr\/wp-json\/wp\/v2\/media\/59244"}],"wp:attachment":[{"href":"https:\/\/modelkars.com\/fr\/wp-json\/wp\/v2\/media?parent=54596"}],"wp:term":[{"taxonomy":"product_brand","embeddable":true,"href":"https:\/\/modelkars.com\/fr\/wp-json\/wp\/v2\/product_brand?post=54596"},{"taxonomy":"product_cat","embeddable":true,"href":"https:\/\/modelkars.com\/fr\/wp-json\/wp\/v2\/product_cat?post=54596"},{"taxonomy":"product_tag","embeddable":true,"href":"https:\/\/modelkars.com\/fr\/wp-json\/wp\/v2\/product_tag?post=54596"}],"curies":[{"name":"wp","href":"https:\/\/api.w.org\/{rel}","templated":true}]}}