{"id":54466,"date":"2025-02-03T00:00:01","date_gmt":"2025-02-02T23:00:01","guid":{"rendered":"https:\/\/modelkars.com\/?post_type=product&#038;p=54466"},"modified":"2025-12-01T01:52:36","modified_gmt":"2025-12-01T00:52:36","slug":"gt919-ford-shelby-f-150-centennial-edition-noir","status":"publish","type":"product","link":"https:\/\/modelkars.com\/fr\/shop\/non-classe\/gt919-ford-shelby-f-150-centennial-edition-noir\/","title":{"rendered":"Ford F-150 Shelby Centennial Edition"},"content":{"rendered":"","protected":false},"excerpt":{"rendered":"<p>Cette Ford Shelby F-150 Centennial Edition \u00e0 l&rsquo;\u00e9chelle 1:18 de GT Spirit est une r\u00e9plique fid\u00e8le du pick-up embl\u00e9matique, rendant hommage \u00e0 l&rsquo;h\u00e9ritage de Caroll Shelby. Ce mod\u00e8le r\u00e9duit en r\u00e9sine est fabriqu\u00e9 en s\u00e9rie limit\u00e9e.<\/p>\n","protected":false},"featured_media":60729,"template":"","meta":{"_seopress_robots_primary_cat":"","_seopress_titles_title":"","_seopress_titles_desc":"","_seopress_robots_index":""},"product_brand":[],"product_cat":[127],"product_tag":[84,93,567,92,85,86],"class_list":{"0":"post-54466","1":"product","2":"type-product","3":"status-publish","4":"has-post-thumbnail","6":"product_cat-non-classe","7":"product_tag-echelle-118","8":"product_tag-edition-limitee","9":"product_tag-novembre-2024","10":"product_tag-resine","11":"product_tag-sans-ouvrants","12":"product_tag-socle-inclus","14":"first","15":"outofstock","16":"taxable","17":"shipping-taxable","18":"purchasable","19":"product-type-simple"},"_links":{"self":[{"href":"https:\/\/modelkars.com\/fr\/wp-json\/wp\/v2\/product\/54466","targetHints":{"allow":["GET"]}}],"collection":[{"href":"https:\/\/modelkars.com\/fr\/wp-json\/wp\/v2\/product"}],"about":[{"href":"https:\/\/modelkars.com\/fr\/wp-json\/wp\/v2\/types\/product"}],"wp:featuredmedia":[{"embeddable":true,"href":"https:\/\/modelkars.com\/fr\/wp-json\/wp\/v2\/media\/60729"}],"wp:attachment":[{"href":"https:\/\/modelkars.com\/fr\/wp-json\/wp\/v2\/media?parent=54466"}],"wp:term":[{"taxonomy":"product_brand","embeddable":true,"href":"https:\/\/modelkars.com\/fr\/wp-json\/wp\/v2\/product_brand?post=54466"},{"taxonomy":"product_cat","embeddable":true,"href":"https:\/\/modelkars.com\/fr\/wp-json\/wp\/v2\/product_cat?post=54466"},{"taxonomy":"product_tag","embeddable":true,"href":"https:\/\/modelkars.com\/fr\/wp-json\/wp\/v2\/product_tag?post=54466"}],"curies":[{"name":"wp","href":"https:\/\/api.w.org\/{rel}","templated":true}]}}