{"id":5445,"date":"2019-06-13T21:02:44","date_gmt":"2019-06-13T19:02:44","guid":{"rendered":"https:\/\/modelkars.com\/?post_type=product&#038;p=5445"},"modified":"2025-12-01T01:55:31","modified_gmt":"2025-12-01T00:55:31","slug":"18s255-ruf-ctr-2017-jaune","status":"publish","type":"product","link":"https:\/\/modelkars.com\/fr\/shop\/spark\/18s255-ruf-ctr-2017-jaune\/","title":{"rendered":"Ruf CTR 2017"},"content":{"rendered":"","protected":false},"excerpt":{"rendered":"<p>Avec cet hommage \u00e0 sa CTR \u00ab\u00a0Yellowbird\u00a0\u00bb sortie 30 ans plus t\u00f4t, Ruf avait marqu\u00e9 les esprit au Salon de Gen\u00e8ve en 2017. La ligne intemporelle de la 911 est ici modernis\u00e9e avec un ch\u00e2ssis monocoque en carbone et ses feux \u00e0 LED la font passer \u00e0 une nouvelle \u00e8re. Ce mod\u00e8le est ici reproduit \u00e0 l&rsquo;\u00e9chelle 1:18 par le fabricant Spark, dans son incontournable livr\u00e9e jaune.<\/p>\n","protected":false},"featured_media":5450,"template":"","meta":{"_seopress_robots_primary_cat":"","_seopress_titles_title":"","_seopress_titles_desc":"","_seopress_robots_index":""},"product_brand":[],"product_cat":[216],"product_tag":[84,92,85],"class_list":{"0":"post-5445","1":"product","2":"type-product","3":"status-publish","4":"has-post-thumbnail","6":"product_cat-spark","7":"product_tag-echelle-118","8":"product_tag-resine","9":"product_tag-sans-ouvrants","11":"first","12":"outofstock","13":"taxable","14":"shipping-taxable","15":"purchasable","16":"product-type-simple"},"_links":{"self":[{"href":"https:\/\/modelkars.com\/fr\/wp-json\/wp\/v2\/product\/5445","targetHints":{"allow":["GET"]}}],"collection":[{"href":"https:\/\/modelkars.com\/fr\/wp-json\/wp\/v2\/product"}],"about":[{"href":"https:\/\/modelkars.com\/fr\/wp-json\/wp\/v2\/types\/product"}],"wp:featuredmedia":[{"embeddable":true,"href":"https:\/\/modelkars.com\/fr\/wp-json\/wp\/v2\/media\/5450"}],"wp:attachment":[{"href":"https:\/\/modelkars.com\/fr\/wp-json\/wp\/v2\/media?parent=5445"}],"wp:term":[{"taxonomy":"product_brand","embeddable":true,"href":"https:\/\/modelkars.com\/fr\/wp-json\/wp\/v2\/product_brand?post=5445"},{"taxonomy":"product_cat","embeddable":true,"href":"https:\/\/modelkars.com\/fr\/wp-json\/wp\/v2\/product_cat?post=5445"},{"taxonomy":"product_tag","embeddable":true,"href":"https:\/\/modelkars.com\/fr\/wp-json\/wp\/v2\/product_tag?post=5445"}],"curies":[{"name":"wp","href":"https:\/\/api.w.org\/{rel}","templated":true}]}}