{"id":53303,"date":"2024-12-18T00:00:01","date_gmt":"2024-12-17T23:00:01","guid":{"rendered":"https:\/\/modelkars.com\/?post_type=product&#038;p=53303"},"modified":"2025-12-01T01:52:43","modified_gmt":"2025-12-01T00:52:43","slug":"lambo058se6-lamborghini-revuelto-gris-hati-et-details-vert-scandal","status":"publish","type":"product","link":"https:\/\/modelkars.com\/fr\/shop\/mr-collection\/lambo058se6-lamborghini-revuelto-gris-hati-et-details-vert-scandal\/","title":{"rendered":"Lamborghini Revuelto"},"content":{"rendered":"","protected":false},"excerpt":{"rendered":"<p>Cette voiture miniature \u00e0 l&rsquo;\u00e9chelle 1:18\u00e8me reproduit la Lamborghini Revuelto dans un coloris gris Hati et d\u00e9tails vert Scandal. Ce mod\u00e8le unique \u00ab\u00a0Ad Personam\u00a0\u00bb a \u00e9t\u00e9 pr\u00e9sent\u00e9 lors de la Lamborghini Arena 2024. Fabriqu\u00e9 par MR Collection, ce mod\u00e8le r\u00e9duit est r\u00e9alis\u00e9 en r\u00e9sine et livr\u00e9 avec une vitrine transparente. Miniature produite en s\u00e9rie limit\u00e9e \u00e0 seulement 99 exemplaires.<\/p>\n","protected":false},"featured_media":59256,"template":"","meta":{"_seopress_robots_primary_cat":"","_seopress_titles_title":"","_seopress_titles_desc":"","_seopress_robots_index":""},"product_brand":[],"product_cat":[95],"product_tag":[84,93,92,85,86,323],"class_list":{"0":"post-53303","1":"product","2":"type-product","3":"status-publish","4":"has-post-thumbnail","6":"product_cat-mr-collection","7":"product_tag-echelle-118","8":"product_tag-edition-limitee","9":"product_tag-resine","10":"product_tag-sans-ouvrants","11":"product_tag-socle-inclus","12":"product_tag-vitrine-incluse","14":"first","15":"outofstock","16":"taxable","17":"shipping-taxable","18":"purchasable","19":"product-type-simple"},"_links":{"self":[{"href":"https:\/\/modelkars.com\/fr\/wp-json\/wp\/v2\/product\/53303","targetHints":{"allow":["GET"]}}],"collection":[{"href":"https:\/\/modelkars.com\/fr\/wp-json\/wp\/v2\/product"}],"about":[{"href":"https:\/\/modelkars.com\/fr\/wp-json\/wp\/v2\/types\/product"}],"wp:featuredmedia":[{"embeddable":true,"href":"https:\/\/modelkars.com\/fr\/wp-json\/wp\/v2\/media\/59256"}],"wp:attachment":[{"href":"https:\/\/modelkars.com\/fr\/wp-json\/wp\/v2\/media?parent=53303"}],"wp:term":[{"taxonomy":"product_brand","embeddable":true,"href":"https:\/\/modelkars.com\/fr\/wp-json\/wp\/v2\/product_brand?post=53303"},{"taxonomy":"product_cat","embeddable":true,"href":"https:\/\/modelkars.com\/fr\/wp-json\/wp\/v2\/product_cat?post=53303"},{"taxonomy":"product_tag","embeddable":true,"href":"https:\/\/modelkars.com\/fr\/wp-json\/wp\/v2\/product_tag?post=53303"}],"curies":[{"name":"wp","href":"https:\/\/api.w.org\/{rel}","templated":true}]}}