{"id":52847,"date":"2024-04-08T00:00:01","date_gmt":"2024-04-07T22:00:01","guid":{"rendered":"https:\/\/modelkars.com\/?post_type=product&#038;p=52847"},"modified":"2025-12-01T01:53:16","modified_gmt":"2025-12-01T00:53:16","slug":"bbrks002-ferrari-f40-valeo-red","status":"publish","type":"product","link":"https:\/\/modelkars.com\/fr\/shop\/bbr\/bbrks002-ferrari-f40-valeo-red\/","title":{"rendered":"Ferrari F40 \u00ab\u00a0Valeo\u00a0\u00bb"},"content":{"rendered":"","protected":false},"excerpt":{"rendered":"<p>Cette voiture miniature \u00e0 l&rsquo;\u00e9chelle 1:18\u00e8me reproduit la Ferrari F40 \u00ab\u00a0Valeo\u00a0\u00bb dans un coloris rouge. La particularit\u00e9 de cette F40 r\u00e9side dans son embrayage \u00e9lectronique Valeo, permettant des passages de vitesses ultra-rapides sans p\u00e9dale d&#8217;embrayage. L&rsquo;int\u00e9rieur se distingue \u00e9galement par son tissu noir, une premi\u00e8re sur une F40. Cet exemplaire unique (S\/N 79883) fut produit pour Gianni Agnelli, alors patron de FIAT.<\/p>\n<p>Ce mod\u00e8le r\u00e9duit haut de gamme produit Kyosho (en collaboration avec BBR) est r\u00e9alis\u00e9 en m\u00e9tal et poss\u00e8de des ouvrants permettant d&rsquo;appr\u00e9cier la mod\u00e9lisation d\u00e9taill\u00e9e du moteur. Miniature produite en s\u00e9rie limit\u00e9e \u00e0 300 pi\u00e8ces (plaque num\u00e9rot\u00e9e en m\u00e9tal). Elle est livr\u00e9e sur un socle en \u00e9co-cuir brun et inclut une vitrine plexiglass.<\/p>\n","protected":false},"featured_media":52849,"template":"","meta":{"_seopress_robots_primary_cat":"","_seopress_titles_title":"","_seopress_titles_desc":"","_seopress_robots_index":""},"product_brand":[],"product_cat":[315],"product_tag":[117,84,93,89,323],"class_list":{"0":"post-52847","1":"product","2":"type-product","3":"status-publish","4":"has-post-thumbnail","6":"product_cat-bbr","7":"product_tag-avec-ouvrants","8":"product_tag-echelle-118","9":"product_tag-edition-limitee","10":"product_tag-metal","11":"product_tag-vitrine-incluse","13":"first","14":"outofstock","15":"taxable","16":"shipping-taxable","17":"purchasable","18":"product-type-simple"},"_links":{"self":[{"href":"https:\/\/modelkars.com\/fr\/wp-json\/wp\/v2\/product\/52847","targetHints":{"allow":["GET"]}}],"collection":[{"href":"https:\/\/modelkars.com\/fr\/wp-json\/wp\/v2\/product"}],"about":[{"href":"https:\/\/modelkars.com\/fr\/wp-json\/wp\/v2\/types\/product"}],"wp:featuredmedia":[{"embeddable":true,"href":"https:\/\/modelkars.com\/fr\/wp-json\/wp\/v2\/media\/52849"}],"wp:attachment":[{"href":"https:\/\/modelkars.com\/fr\/wp-json\/wp\/v2\/media?parent=52847"}],"wp:term":[{"taxonomy":"product_brand","embeddable":true,"href":"https:\/\/modelkars.com\/fr\/wp-json\/wp\/v2\/product_brand?post=52847"},{"taxonomy":"product_cat","embeddable":true,"href":"https:\/\/modelkars.com\/fr\/wp-json\/wp\/v2\/product_cat?post=52847"},{"taxonomy":"product_tag","embeddable":true,"href":"https:\/\/modelkars.com\/fr\/wp-json\/wp\/v2\/product_tag?post=52847"}],"curies":[{"name":"wp","href":"https:\/\/api.w.org\/{rel}","templated":true}]}}