{"id":52833,"date":"2024-03-21T18:32:29","date_gmt":"2024-03-21T17:32:29","guid":{"rendered":"https:\/\/modelkars.com\/?post_type=product&#038;p=52833"},"modified":"2025-12-01T01:53:19","modified_gmt":"2025-12-01T00:53:19","slug":"p18214f-ferrari-daytona-sp3-bleu-abu-dhabi","status":"publish","type":"product","link":"https:\/\/modelkars.com\/fr\/shop\/bbr\/p18214f-ferrari-daytona-sp3-bleu-abu-dhabi\/","title":{"rendered":"Ferrari SP3 Daytona"},"content":{"rendered":"","protected":false},"excerpt":{"rendered":"<p>Cette voiture miniature \u00e0 l&rsquo;\u00e9chelle 1:18\u00e8me reproduit la Ferrari SP3 Daytona dans un coloris bleu Abu Dhabi. Fabriqu\u00e9 par BBR, ce mod\u00e8le r\u00e9duit est r\u00e9alis\u00e9 en r\u00e9sine. Miniature produite en s\u00e9rie limit\u00e9e \u00e0 seulement 36 exemplaires num\u00e9rot\u00e9s.<\/p>\n","protected":false},"featured_media":52835,"template":"","meta":{"_seopress_robots_primary_cat":"","_seopress_titles_title":"","_seopress_titles_desc":"","_seopress_robots_index":""},"product_brand":[],"product_cat":[315],"product_tag":[84,93,92,85,86],"class_list":{"0":"post-52833","1":"product","2":"type-product","3":"status-publish","4":"has-post-thumbnail","6":"product_cat-bbr","7":"product_tag-echelle-118","8":"product_tag-edition-limitee","9":"product_tag-resine","10":"product_tag-sans-ouvrants","11":"product_tag-socle-inclus","13":"first","14":"outofstock","15":"taxable","16":"shipping-taxable","17":"purchasable","18":"product-type-simple"},"_links":{"self":[{"href":"https:\/\/modelkars.com\/fr\/wp-json\/wp\/v2\/product\/52833","targetHints":{"allow":["GET"]}}],"collection":[{"href":"https:\/\/modelkars.com\/fr\/wp-json\/wp\/v2\/product"}],"about":[{"href":"https:\/\/modelkars.com\/fr\/wp-json\/wp\/v2\/types\/product"}],"wp:featuredmedia":[{"embeddable":true,"href":"https:\/\/modelkars.com\/fr\/wp-json\/wp\/v2\/media\/52835"}],"wp:attachment":[{"href":"https:\/\/modelkars.com\/fr\/wp-json\/wp\/v2\/media?parent=52833"}],"wp:term":[{"taxonomy":"product_brand","embeddable":true,"href":"https:\/\/modelkars.com\/fr\/wp-json\/wp\/v2\/product_brand?post=52833"},{"taxonomy":"product_cat","embeddable":true,"href":"https:\/\/modelkars.com\/fr\/wp-json\/wp\/v2\/product_cat?post=52833"},{"taxonomy":"product_tag","embeddable":true,"href":"https:\/\/modelkars.com\/fr\/wp-json\/wp\/v2\/product_tag?post=52833"}],"curies":[{"name":"wp","href":"https:\/\/api.w.org\/{rel}","templated":true}]}}