{"id":52804,"date":"2024-03-21T12:37:43","date_gmt":"2024-03-21T11:37:43","guid":{"rendered":"https:\/\/modelkars.com\/?post_type=product&#038;p=52804"},"modified":"2025-12-01T01:53:19","modified_gmt":"2025-12-01T00:53:19","slug":"856031-pagani-zonda-cinque-orange-st-tropez","status":"publish","type":"product","link":"https:\/\/modelkars.com\/fr\/shop\/almost-real\/856031-pagani-zonda-cinque-orange-st-tropez\/","title":{"rendered":"Pagani Zonda Cinque Coupe"},"content":{"rendered":"","protected":false},"excerpt":{"rendered":"<p>Cette voiture miniature \u00e0 l&rsquo;\u00e9chelle 1:18\u00e8me reproduit la Pagani Zonda Cinque dans un coloris orange St. Tropez et carbone. Fabriqu\u00e9 par Almost Real, ce mod\u00e8le r\u00e9duit haut de gamme est r\u00e9alis\u00e9 en m\u00e9tal et poss\u00e8de de nombreux ouvrants.<\/p>\n","protected":false},"featured_media":52806,"template":"","meta":{"_seopress_robots_primary_cat":"","_seopress_titles_title":"","_seopress_titles_desc":"","_seopress_robots_index":""},"product_brand":[],"product_cat":[349],"product_tag":[117,84,89],"class_list":{"0":"post-52804","1":"product","2":"type-product","3":"status-publish","4":"has-post-thumbnail","6":"product_cat-almost-real","7":"product_tag-avec-ouvrants","8":"product_tag-echelle-118","9":"product_tag-metal","11":"first","12":"outofstock","13":"taxable","14":"shipping-taxable","15":"purchasable","16":"product-type-simple"},"_links":{"self":[{"href":"https:\/\/modelkars.com\/fr\/wp-json\/wp\/v2\/product\/52804","targetHints":{"allow":["GET"]}}],"collection":[{"href":"https:\/\/modelkars.com\/fr\/wp-json\/wp\/v2\/product"}],"about":[{"href":"https:\/\/modelkars.com\/fr\/wp-json\/wp\/v2\/types\/product"}],"wp:featuredmedia":[{"embeddable":true,"href":"https:\/\/modelkars.com\/fr\/wp-json\/wp\/v2\/media\/52806"}],"wp:attachment":[{"href":"https:\/\/modelkars.com\/fr\/wp-json\/wp\/v2\/media?parent=52804"}],"wp:term":[{"taxonomy":"product_brand","embeddable":true,"href":"https:\/\/modelkars.com\/fr\/wp-json\/wp\/v2\/product_brand?post=52804"},{"taxonomy":"product_cat","embeddable":true,"href":"https:\/\/modelkars.com\/fr\/wp-json\/wp\/v2\/product_cat?post=52804"},{"taxonomy":"product_tag","embeddable":true,"href":"https:\/\/modelkars.com\/fr\/wp-json\/wp\/v2\/product_tag?post=52804"}],"curies":[{"name":"wp","href":"https:\/\/api.w.org\/{rel}","templated":true}]}}